{"id":1307,"date":"2019-05-20T02:34:30","date_gmt":"2019-05-20T00:34:30","guid":{"rendered":"http:\/\/polskaradapelletu.org\/?page_id=1307"},"modified":"2019-08-28T12:06:15","modified_gmt":"2019-08-28T10:06:15","slug":"o-nas-2","status":"publish","type":"page","link":"https:\/\/polskaradapelletu.org\/en\/o-nas-2\/","title":{"rendered":"(Polski) O nas"},"content":{"rendered":"<div id='full_slider_1' class='avia-fullwidth-slider main_color avia-shadow   avia-builder-el-0  el_before_av_section  avia-builder-el-first  container_wrap fullsize' style=' '  ><div  data-size='featured'  data-lightbox_size='large'  data-animation='slide'  data-conditional_play=''  data-ids='1294'  data-video_counter='0'  data-autoplay='false'  data-bg_slider='false'  data-slide_height=''  data-handle='av_slideshow_full'  data-interval='5'  data-class=' '  data-css_id=''  data-scroll_down=''  data-control_layout='av-control-hidden'  data-custom_markup=''  data-perma_caption='aviaTBperma_caption'  data-autoplay_stopper=''  data-image_attachment=''  data-min_height='0px'  data-src=''  data-position='top left'  data-repeat='no-repeat'  data-attach='scroll'  data-stretch=''  data-default-height='28.666666666667'  class='avia-slideshow avia-slideshow-1  av-control-hidden av-default-height-applied avia-slideshow-featured av_slideshow_full   avia-slide-slider '  itemprop=\"image\" itemscope=\"itemscope\" itemtype=\"https:\/\/schema.org\/ImageObject\" ><ul class='avia-slideshow-inner ' style='padding-bottom: 28.666666666667%;' ><li  class=' av-single-slide slide-1 ' ><div data-rel='slideshow-1' class='avia-slide-wrap '   ><img src='https:\/\/polskaradapelletu.org\/wp-content\/uploads\/2019\/05\/plt-1500x430.jpg' width='1500' height='430' title='plt' alt=''  itemprop=\"thumbnailUrl\"   \/><\/div><\/li><\/ul><div class = \"caption_fullwidth av-slideshow-caption caption_bottom\"><div class = \"container caption_container\"><div class = \"slideshow_caption\"><div class = \"slideshow_inner_caption\"><div class = \"slideshow_align_caption\"><h2  class='avia-caption-title  '  itemprop=\"name\" >O nas<\/h2><\/div><\/div><\/div><\/div><\/div><\/div><\/div>\n<div id='av_section_1' class='avia-section main_color avia-section-default avia-no-border-styling avia-bg-style-scroll  avia-builder-el-1  el_after_av_slideshow_full  avia-builder-el-last   container_wrap fullsize' style=' '  ><div class='container' ><div class='template-page content  av-content-full alpha units'><div class='post-entry post-entry-type-page post-entry-1307'><div class='entry-content-wrapper clearfix'>\n<section class=\"av_textblock_section \"  itemscope=\"itemscope\" itemtype=\"https:\/\/schema.org\/CreativeWork\" ><div class='avia_textblock  '   itemprop=\"text\" ><p>Polska Rada Pelletu (Polish Pellet Council) to stowarzyszenie polskiej bran\u017cy peletu, kt\u00f3re zosta\u0142o za\u0142o\u017cone 2 czerwca 2017 r. Cz\u0142onkami Polskiej Rady Pelletu s\u0105 firmy, kt\u00f3re zajmuj\u0105 si\u0119 produkcj\u0105, handlem i dystrybucj\u0105 peletu drzewnego, producenci urz\u0105dze\u0144 grzewczych na pelet, producenci piec\u00f3w kominkowych, instalatorzy, producenci technologii do granulowania, ale tak\u017ce inne podmioty gospodarcze, instytucje i organizacje aktywnie dzia\u0142aj\u0105ce w bran\u017cy peletu i zaanga\u017cowane w rozw\u00f3j tego sektora przemys\u0142u.<\/p>\n<\/div><\/section>\n<div class='avia-icon-list-container   avia-builder-el-3  el_after_av_textblock  el_before_av_icon_box '><ul class='avia-icon-list avia-icon-list-left av-iconlist-big avia_animate_when_almost_visible avia-iconlist-animate'>\n<li><div  class='iconlist_icon  avia-font-entypo-fontello'><span class='iconlist-char ' aria-hidden='true' data-av_icon='\ue80b' data-av_iconfont='entypo-fontello'><\/span><\/div><article class=\"article-icon-entry \"  itemscope=\"itemscope\" itemtype=\"https:\/\/schema.org\/CreativeWork\" ><div class='iconlist_content_wrap'><header class=\"entry-content-header\"><\/header><div class='iconlist_content  '  itemprop=\"text\"  ><p>reprezentacja interes\u00f3w bran\u017cy peletu przed organami publicznymi szczebla rz\u0105dowego, samorz\u0105dowego oraz unijnego, w tym instytucjami kontroli i nadzoru rynku, przed podmiotami, niepublicznymi oraz przedstawicielami innych sektor\u00f3w gospodarczych,<\/p>\n<\/div><\/div><footer class=\"entry-footer\"><\/footer><\/article><div class='iconlist-timeline'><\/div><\/li>\n<li><div  class='iconlist_icon  avia-font-entypo-fontello'><span class='iconlist-char ' aria-hidden='true' data-av_icon='\ue82b' data-av_iconfont='entypo-fontello'><\/span><\/div><article class=\"article-icon-entry \"  itemscope=\"itemscope\" itemtype=\"https:\/\/schema.org\/CreativeWork\" ><div class='iconlist_content_wrap'><header class=\"entry-content-header\"><\/header><div class='iconlist_content  '  itemprop=\"text\"  ><p>promocja peletu jako paliwa ekologicznego<\/p>\n<\/div><\/div><footer class=\"entry-footer\"><\/footer><\/article><div class='iconlist-timeline'><\/div><\/li>\n<li><div  class='iconlist_icon  avia-font-entypo-fontello'><span class='iconlist-char ' aria-hidden='true' data-av_icon='\ue80c' data-av_iconfont='entypo-fontello'><\/span><\/div><article class=\"article-icon-entry \"  itemscope=\"itemscope\" itemtype=\"https:\/\/schema.org\/CreativeWork\" ><div class='iconlist_content_wrap'><header class=\"entry-content-header\"><\/header><div class='iconlist_content  '  itemprop=\"text\"  ><p>wspieranie podmiot\u00f3w dzia\u0142aj\u0105cych na rynku peletu,<\/p>\n<\/div><\/div><footer class=\"entry-footer\"><\/footer><\/article><div class='iconlist-timeline'><\/div><\/li>\n<li><div  class='iconlist_icon  avia-font-entypo-fontello'><span class='iconlist-char ' aria-hidden='true' data-av_icon='\ue8d1' data-av_iconfont='entypo-fontello'><\/span><\/div><article class=\"article-icon-entry \"  itemscope=\"itemscope\" itemtype=\"https:\/\/schema.org\/CreativeWork\" ><div class='iconlist_content_wrap'><header class=\"entry-content-header\"><\/header><div class='iconlist_content  '  itemprop=\"text\"  ><p>prowadzenie dzia\u0142alno\u015bci badawczo-rozwojowej, promocyjnej i edukacyjnej.<\/p>\n<\/div><\/div><footer class=\"entry-footer\"><\/footer><\/article><div class='iconlist-timeline'><\/div><\/li>\n<\/ul><\/div>\n<article class=\"iconbox iconbox_top main_color    avia-builder-el-4  el_after_av_iconlist  avia-builder-el-last  \"  itemscope=\"itemscope\" itemtype=\"https:\/\/schema.org\/CreativeWork\" ><div class=\"iconbox_content\"><header class=\"entry-content-header\"><div class=\"iconbox_icon heading-color \" aria-hidden='true' data-av_icon='\ue850' data-av_iconfont='entypo-fontello'  ><\/div><h3 class='iconbox_content_title  '  itemprop=\"headline\"  ><a href='http:\/\/polskaradapelletu.org\/download\/459\/' title='POBIERZ FOLDER'  target=\"_blank\"  >POBIERZ FOLDER<\/a><\/h3><\/header><div class='iconbox_content_container  '  itemprop=\"text\"  ><\/div><\/div><footer class=\"entry-footer\"><\/footer><\/article>\n\n","protected":false},"excerpt":{"rendered":"","protected":false},"author":1,"featured_media":0,"parent":0,"menu_order":0,"comment_status":"closed","ping_status":"closed","template":"","meta":{"_acf_changed":false,"_exactmetrics_skip_tracking":false,"_exactmetrics_sitenote_active":false,"_exactmetrics_sitenote_note":"","_exactmetrics_sitenote_category":0,"footnotes":""},"class_list":["post-1307","page","type-page","status-publish","hentry"],"acf":[],"yoast_head":"<!-- This site is optimized with the Yoast SEO plugin v24.3 - https:\/\/yoast.com\/wordpress\/plugins\/seo\/ -->\n<title><\/title>\n<meta name=\"robots\" content=\"index, follow, max-snippet:-1, max-image-preview:large, max-video-preview:-1\" \/>\n<link rel=\"canonical\" href=\"http:\/\/polskaradapelletu.org\/o-nas-2\/\" \/>\n<meta property=\"og:locale\" content=\"en_US\" \/>\n<meta property=\"og:type\" content=\"article\" \/>\n<meta property=\"og:title\" content=\"[:pl]O nas[:] - Polish Pellet Council\" \/>\n<meta property=\"og:url\" content=\"http:\/\/polskaradapelletu.org\/o-nas-2\/\" \/>\n<meta property=\"og:site_name\" content=\"Polish Pellet Council\" \/>\n<meta property=\"article:modified_time\" content=\"2019-08-28T10:06:15+00:00\" \/>\n<meta name=\"twitter:card\" content=\"summary_large_image\" \/>\n<meta name=\"twitter:label1\" content=\"Est. reading time\" \/>\n\t<meta name=\"twitter:data1\" content=\"3 minutes\" \/>\n<script type=\"application\/ld+json\" class=\"yoast-schema-graph\">{\"@context\":\"https:\/\/schema.org\",\"@graph\":[{\"@type\":\"WebPage\",\"@id\":\"http:\/\/polskaradapelletu.org\/o-nas-2\/\",\"url\":\"http:\/\/polskaradapelletu.org\/o-nas-2\/\",\"name\":\"[:pl]O nas[:] - Polish Pellet Council\",\"isPartOf\":{\"@id\":\"http:\/\/polskaradapelletu.org\/#website\"},\"datePublished\":\"2019-05-20T00:34:30+00:00\",\"dateModified\":\"2019-08-28T10:06:15+00:00\",\"breadcrumb\":{\"@id\":\"http:\/\/polskaradapelletu.org\/o-nas-2\/#breadcrumb\"},\"inLanguage\":\"en-US\",\"potentialAction\":[{\"@type\":\"ReadAction\",\"target\":[\"http:\/\/polskaradapelletu.org\/o-nas-2\/\"]}]},{\"@type\":\"BreadcrumbList\",\"@id\":\"http:\/\/polskaradapelletu.org\/o-nas-2\/#breadcrumb\",\"itemListElement\":[{\"@type\":\"ListItem\",\"position\":1,\"name\":\"Strona g\u0142\u00f3wna\",\"item\":\"http:\/\/polskaradapelletu.org\/\"},{\"@type\":\"ListItem\",\"position\":2,\"name\":\"O nas\"}]},{\"@type\":\"WebSite\",\"@id\":\"http:\/\/polskaradapelletu.org\/#website\",\"url\":\"http:\/\/polskaradapelletu.org\/\",\"name\":\"Polish Pellet Council\",\"description\":\"\",\"potentialAction\":[{\"@type\":\"SearchAction\",\"target\":{\"@type\":\"EntryPoint\",\"urlTemplate\":\"http:\/\/polskaradapelletu.org\/?s={search_term_string}\"},\"query-input\":{\"@type\":\"PropertyValueSpecification\",\"valueRequired\":true,\"valueName\":\"search_term_string\"}}],\"inLanguage\":\"en-US\"}]}<\/script>\n<!-- \/ Yoast SEO plugin. -->","yoast_head_json":{"title":"[:pl]O nas[:] - Polish Pellet Council","robots":{"index":"index","follow":"follow","max-snippet":"max-snippet:-1","max-image-preview":"max-image-preview:large","max-video-preview":"max-video-preview:-1"},"canonical":"http:\/\/polskaradapelletu.org\/o-nas-2\/","og_locale":"en_US","og_type":"article","og_title":"[:pl]O nas[:] - Polish Pellet Council","og_url":"http:\/\/polskaradapelletu.org\/o-nas-2\/","og_site_name":"Polish Pellet Council","article_modified_time":"2019-08-28T10:06:15+00:00","twitter_card":"summary_large_image","twitter_misc":{"Est. reading time":"3 minutes"},"schema":{"@context":"https:\/\/schema.org","@graph":[{"@type":"WebPage","@id":"http:\/\/polskaradapelletu.org\/o-nas-2\/","url":"http:\/\/polskaradapelletu.org\/o-nas-2\/","name":"[:pl]O nas[:] - Polish Pellet Council","isPartOf":{"@id":"http:\/\/polskaradapelletu.org\/#website"},"datePublished":"2019-05-20T00:34:30+00:00","dateModified":"2019-08-28T10:06:15+00:00","breadcrumb":{"@id":"http:\/\/polskaradapelletu.org\/o-nas-2\/#breadcrumb"},"inLanguage":"en-US","potentialAction":[{"@type":"ReadAction","target":["http:\/\/polskaradapelletu.org\/o-nas-2\/"]}]},{"@type":"BreadcrumbList","@id":"http:\/\/polskaradapelletu.org\/o-nas-2\/#breadcrumb","itemListElement":[{"@type":"ListItem","position":1,"name":"Strona g\u0142\u00f3wna","item":"http:\/\/polskaradapelletu.org\/"},{"@type":"ListItem","position":2,"name":"O nas"}]},{"@type":"WebSite","@id":"http:\/\/polskaradapelletu.org\/#website","url":"http:\/\/polskaradapelletu.org\/","name":"Polish Pellet Council","description":"","potentialAction":[{"@type":"SearchAction","target":{"@type":"EntryPoint","urlTemplate":"http:\/\/polskaradapelletu.org\/?s={search_term_string}"},"query-input":{"@type":"PropertyValueSpecification","valueRequired":true,"valueName":"search_term_string"}}],"inLanguage":"en-US"}]}},"_links":{"self":[{"href":"https:\/\/polskaradapelletu.org\/en\/wp-json\/wp\/v2\/pages\/1307","targetHints":{"allow":["GET"]}}],"collection":[{"href":"https:\/\/polskaradapelletu.org\/en\/wp-json\/wp\/v2\/pages"}],"about":[{"href":"https:\/\/polskaradapelletu.org\/en\/wp-json\/wp\/v2\/types\/page"}],"author":[{"embeddable":true,"href":"https:\/\/polskaradapelletu.org\/en\/wp-json\/wp\/v2\/users\/1"}],"replies":[{"embeddable":true,"href":"https:\/\/polskaradapelletu.org\/en\/wp-json\/wp\/v2\/comments?post=1307"}],"version-history":[{"count":12,"href":"https:\/\/polskaradapelletu.org\/en\/wp-json\/wp\/v2\/pages\/1307\/revisions"}],"predecessor-version":[{"id":1708,"href":"https:\/\/polskaradapelletu.org\/en\/wp-json\/wp\/v2\/pages\/1307\/revisions\/1708"}],"wp:attachment":[{"href":"https:\/\/polskaradapelletu.org\/en\/wp-json\/wp\/v2\/media?parent=1307"}],"curies":[{"name":"wp","href":"https:\/\/api.w.org\/{rel}","templated":true}]}}