{"id":1632,"date":"2019-08-05T10:12:22","date_gmt":"2019-08-05T08:12:22","guid":{"rendered":"http:\/\/polskaradapelletu.org\/?page_id=1632"},"modified":"2019-08-05T10:28:02","modified_gmt":"2019-08-05T08:28:02","slug":"enplus-2","status":"publish","type":"page","link":"http:\/\/polskaradapelletu.org\/ru\/dzialalnosc\/enplus-2\/","title":{"rendered":"(Polski) ENplus"},"content":{"rendered":"<div id='full_slider_1' class='avia-fullwidth-slider main_color avia-shadow   avia-builder-el-0  el_before_av_section  avia-builder-el-first  container_wrap fullsize' style=' '  ><div  data-size='featured'  data-lightbox_size='large'  data-animation='slide'  data-conditional_play=''  data-ids='1288'  data-video_counter='0'  data-autoplay='false'  data-bg_slider='false'  data-slide_height=''  data-handle='av_slideshow_full'  data-interval='5'  data-class=' '  data-css_id=''  data-scroll_down=''  data-control_layout='av-control-hidden'  data-custom_markup=''  data-perma_caption='aviaTBperma_caption'  data-autoplay_stopper=''  data-image_attachment=''  data-min_height='0px'  data-src=''  data-position='top left'  data-repeat='no-repeat'  data-attach='scroll'  data-stretch=''  data-default-height='28.666666666667'  class='avia-slideshow avia-slideshow-1  av-control-hidden av-default-height-applied avia-slideshow-featured av_slideshow_full   avia-slide-slider '  itemprop=\"image\" itemscope=\"itemscope\" itemtype=\"https:\/\/schema.org\/ImageObject\" ><ul class='avia-slideshow-inner ' style='padding-bottom: 28.666666666667%;' ><li  class=' av-single-slide slide-1 ' ><div data-rel='slideshow-1' class='avia-slide-wrap '   ><img src='http:\/\/polskaradapelletu.org\/wp-content\/uploads\/2019\/05\/pexels-photo-288477_wynik-e1505854828195-1500x430.jpeg' width='1500' height='430' title='OLYMPUS DIGITAL CAMERA' alt=''  itemprop=\"thumbnailUrl\"   \/><\/div><\/li><\/ul><div class = \"caption_fullwidth av-slideshow-caption caption_bottom\"><div class = \"container caption_container\"><div class = \"slideshow_caption\"><div class = \"slideshow_inner_caption\"><div class = \"slideshow_align_caption\"><h2  class='avia-caption-title  '  itemprop=\"name\" >Fa\u0142szerstwo ENplus<\/h2><\/div><\/div><\/div><\/div><\/div><\/div><\/div>\n<div id='av_section_1' class='avia-section main_color avia-section-default avia-no-border-styling avia-bg-style-scroll  avia-builder-el-1  el_after_av_slideshow_full  avia-builder-el-last   container_wrap fullsize' style=' '  ><div class='container' ><div class='template-page content  av-content-full alpha units'><div class='post-entry post-entry-type-page post-entry-1632'><div class='entry-content-wrapper clearfix'>\n<section class=\"av_textblock_section \"  itemscope=\"itemscope\" itemtype=\"https:\/\/schema.org\/CreativeWork\" ><div class='avia_textblock  '   itemprop=\"text\" ><p>Logo EN<em>plus<\/em>\u00ae sta\u0142o si\u0119 istotnym argumentem dla sprzedawc\u00f3w pelletu drzewnego. Aby zagwarantowa\u0107 jej warto\u015b\u0107, logo i znak towarowy EN<em>plus<\/em>\u00ae s\u0105 zarejestrowane i chronione na mocy prawa mi\u0119dzynarodowego, a ich stosowanie jest \u015bci\u015ble ograniczone do certyfikowanych firm spe\u0142niaj\u0105cych precyzyjne wytyczne.<\/p>\n<p>Polska Rada Peletu wraz z EN<em>plus<\/em>\u00ae Management \u015bledzi ka\u017cde nadu\u017cycie znaku towarowego. Mo\u017cesz pom\u00f3c nam w zwalczaniu oszustw, sprawdzaj\u0105c list\u0119 certyfikowanych producent\u00f3w i handlowc\u00f3w EN<em>plus<\/em>\u00ae na stronie internetowej <a href=\"https:\/\/www.enplus-pellets.eu\/en-in\/certifications-en-in\/producer-en-in.html\">https:\/\/www.enplus-pellets.eu\/en-in\/certifications-en-in\/producer-en-in.html<\/a>, aby uwierzytelni\u0107 piecz\u0119\u0107 EN<em>plus<\/em>\u00ae.<\/p>\n<p>Firmy jakie dopu\u015bci\u0142y si\u0119 oszustw mo\u017cesz zidentyfikowa\u0107 na Czarnej Li\u015bcie znajduj\u0105cej si\u0119 na stronie internetowej <a href=\"https:\/\/www.enplus-pellets.eu\/en-in\/blacklist.html\">https:\/\/www.enplus-pellets.eu\/en-in\/blacklist.html<\/a>. Je\u015bli podejrzewasz przypadek oszustwa, mo\u017cesz skorzysta\u0107 z naszego internetowego przewodnika na temat wykrywania oszustw i u\u017cy\u0107 formularza znajduj\u0105cego si\u0119 na <a href=\"https:\/\/www.enplus-pellets.eu\/en-in\/report-a-fraud.html\">https:\/\/www.enplus-pellets.eu\/en-in\/report-a-fraud.html<\/a> do oznaczenia go. Pami\u0119taj, i\u017c im wi\u0119cej zbierzemy informacji i dokumentacji odno\u015bnie danego przypadku, tym szybciej uda nam si\u0119 zatrzyma\u0107 dany proceder.<\/p>\n<p>Pocz\u0105wszy m.in. od pelletu w workach do umowy na dostaw\u0119 poprzez dowolny \u015brodek komunikacyjny, u\u017cywanie oficjalnej piecz\u0119ci EN<em>plus<\/em>\u00ae musi zawsze by\u0107 zgodne z tymi samymi zasadami. W razie w\u0105tpliwo\u015bci przygotowali\u015bmy kr\u00f3tki przewodnik, kt\u00f3ry pomo\u017ce Ci zidentyfikowa\u0107 potencjalne przypadki oszustwa. (poprawie jeszcze jako\u015b\u0107 schematu)<\/p>\n<\/div><\/section>\n<div class='avia-image-container  av-styling-    avia-builder-el-3  el_after_av_textblock  avia-builder-el-last  avia-align-center '  itemprop=\"image\" itemscope=\"itemscope\" itemtype=\"https:\/\/schema.org\/ImageObject\"  ><div class='avia-image-container-inner'><div class='avia-image-overlay-wrap'><img class='avia_image' src='http:\/\/polskaradapelletu.org\/wp-content\/uploads\/2019\/08\/schomat_enplus.jpg' alt='' title='schomat_enplus' height=\"647\" width=\"597\"  itemprop=\"thumbnailUrl\"  \/><\/div><\/div><\/div>\n\n","protected":false},"excerpt":{"rendered":"","protected":false},"author":1,"featured_media":0,"parent":1262,"menu_order":0,"comment_status":"closed","ping_status":"closed","template":"","meta":{"_acf_changed":false,"_exactmetrics_skip_tracking":false,"_exactmetrics_sitenote_active":false,"_exactmetrics_sitenote_note":"","_exactmetrics_sitenote_category":0,"footnotes":""},"class_list":["post-1632","page","type-page","status-publish","hentry"],"acf":[],"yoast_head":"<!-- This site is optimized with the Yoast SEO plugin v24.3 - https:\/\/yoast.com\/wordpress\/plugins\/seo\/ -->\n<title><\/title>\n<meta name=\"robots\" content=\"index, follow, max-snippet:-1, max-image-preview:large, max-video-preview:-1\" \/>\n<link rel=\"canonical\" href=\"http:\/\/polskaradapelletu.org\/en\/dzialalnosc\/enplus-2\/\" \/>\n<meta property=\"og:locale\" content=\"ru_RU\" \/>\n<meta property=\"og:type\" content=\"article\" \/>\n<meta property=\"og:title\" content=\"[:pl]ENplus[:] - (Polski) Polska Rada Pelletu\" \/>\n<meta property=\"og:url\" content=\"http:\/\/polskaradapelletu.org\/en\/dzialalnosc\/enplus-2\/\" \/>\n<meta property=\"og:site_name\" content=\"(Polski) Polska Rada Pelletu\" \/>\n<meta property=\"article:modified_time\" content=\"2019-08-05T08:28:02+00:00\" \/>\n<meta name=\"twitter:card\" content=\"summary_large_image\" \/>\n<meta name=\"twitter:label1\" content=\"\u041f\u0440\u0438\u043c\u0435\u0440\u043d\u043e\u0435 \u0432\u0440\u0435\u043c\u044f \u0434\u043b\u044f \u0447\u0442\u0435\u043d\u0438\u044f\" \/>\n\t<meta name=\"twitter:data1\" content=\"3 \u043c\u0438\u043d\u0443\u0442\u044b\" \/>\n<script type=\"application\/ld+json\" class=\"yoast-schema-graph\">{\"@context\":\"https:\/\/schema.org\",\"@graph\":[{\"@type\":\"WebPage\",\"@id\":\"http:\/\/polskaradapelletu.org\/en\/dzialalnosc\/enplus-2\/\",\"url\":\"http:\/\/polskaradapelletu.org\/en\/dzialalnosc\/enplus-2\/\",\"name\":\"[:pl]ENplus[:] - (Polski) Polska Rada Pelletu\",\"isPartOf\":{\"@id\":\"http:\/\/polskaradapelletu.org\/#website\"},\"datePublished\":\"2019-08-05T08:12:22+00:00\",\"dateModified\":\"2019-08-05T08:28:02+00:00\",\"breadcrumb\":{\"@id\":\"http:\/\/polskaradapelletu.org\/en\/dzialalnosc\/enplus-2\/#breadcrumb\"},\"inLanguage\":\"ru-RU\",\"potentialAction\":[{\"@type\":\"ReadAction\",\"target\":[\"http:\/\/polskaradapelletu.org\/en\/dzialalnosc\/enplus-2\/\"]}]},{\"@type\":\"BreadcrumbList\",\"@id\":\"http:\/\/polskaradapelletu.org\/en\/dzialalnosc\/enplus-2\/#breadcrumb\",\"itemListElement\":[{\"@type\":\"ListItem\",\"position\":1,\"name\":\"Strona g\u0142\u00f3wna\",\"item\":\"http:\/\/polskaradapelletu.org\/\"},{\"@type\":\"ListItem\",\"position\":2,\"name\":\"Zakres Dzia\u0142alno\u015bci\",\"item\":\"http:\/\/polskaradapelletu.org\/dzialalnosc\/\"},{\"@type\":\"ListItem\",\"position\":3,\"name\":\"(Polski) ENplus\"}]},{\"@type\":\"WebSite\",\"@id\":\"http:\/\/polskaradapelletu.org\/#website\",\"url\":\"http:\/\/polskaradapelletu.org\/\",\"name\":\"(Polski) Polska Rada Pelletu\",\"description\":\"\",\"potentialAction\":[{\"@type\":\"SearchAction\",\"target\":{\"@type\":\"EntryPoint\",\"urlTemplate\":\"http:\/\/polskaradapelletu.org\/?s={search_term_string}\"},\"query-input\":{\"@type\":\"PropertyValueSpecification\",\"valueRequired\":true,\"valueName\":\"search_term_string\"}}],\"inLanguage\":\"ru-RU\"}]}<\/script>\n<!-- \/ Yoast SEO plugin. -->","yoast_head_json":{"title":"[:pl]ENplus[:] - (Polski) Polska Rada Pelletu","robots":{"index":"index","follow":"follow","max-snippet":"max-snippet:-1","max-image-preview":"max-image-preview:large","max-video-preview":"max-video-preview:-1"},"canonical":"http:\/\/polskaradapelletu.org\/en\/dzialalnosc\/enplus-2\/","og_locale":"ru_RU","og_type":"article","og_title":"[:pl]ENplus[:] - (Polski) Polska Rada Pelletu","og_url":"http:\/\/polskaradapelletu.org\/en\/dzialalnosc\/enplus-2\/","og_site_name":"(Polski) Polska Rada Pelletu","article_modified_time":"2019-08-05T08:28:02+00:00","twitter_card":"summary_large_image","twitter_misc":{"\u041f\u0440\u0438\u043c\u0435\u0440\u043d\u043e\u0435 \u0432\u0440\u0435\u043c\u044f \u0434\u043b\u044f \u0447\u0442\u0435\u043d\u0438\u044f":"3 \u043c\u0438\u043d\u0443\u0442\u044b"},"schema":{"@context":"https:\/\/schema.org","@graph":[{"@type":"WebPage","@id":"http:\/\/polskaradapelletu.org\/en\/dzialalnosc\/enplus-2\/","url":"http:\/\/polskaradapelletu.org\/en\/dzialalnosc\/enplus-2\/","name":"[:pl]ENplus[:] - (Polski) Polska Rada Pelletu","isPartOf":{"@id":"http:\/\/polskaradapelletu.org\/#website"},"datePublished":"2019-08-05T08:12:22+00:00","dateModified":"2019-08-05T08:28:02+00:00","breadcrumb":{"@id":"http:\/\/polskaradapelletu.org\/en\/dzialalnosc\/enplus-2\/#breadcrumb"},"inLanguage":"ru-RU","potentialAction":[{"@type":"ReadAction","target":["http:\/\/polskaradapelletu.org\/en\/dzialalnosc\/enplus-2\/"]}]},{"@type":"BreadcrumbList","@id":"http:\/\/polskaradapelletu.org\/en\/dzialalnosc\/enplus-2\/#breadcrumb","itemListElement":[{"@type":"ListItem","position":1,"name":"Strona g\u0142\u00f3wna","item":"http:\/\/polskaradapelletu.org\/"},{"@type":"ListItem","position":2,"name":"Zakres Dzia\u0142alno\u015bci","item":"http:\/\/polskaradapelletu.org\/dzialalnosc\/"},{"@type":"ListItem","position":3,"name":"(Polski) ENplus"}]},{"@type":"WebSite","@id":"http:\/\/polskaradapelletu.org\/#website","url":"http:\/\/polskaradapelletu.org\/","name":"(Polski) Polska Rada Pelletu","description":"","potentialAction":[{"@type":"SearchAction","target":{"@type":"EntryPoint","urlTemplate":"http:\/\/polskaradapelletu.org\/?s={search_term_string}"},"query-input":{"@type":"PropertyValueSpecification","valueRequired":true,"valueName":"search_term_string"}}],"inLanguage":"ru-RU"}]}},"_links":{"self":[{"href":"http:\/\/polskaradapelletu.org\/ru\/wp-json\/wp\/v2\/pages\/1632","targetHints":{"allow":["GET"]}}],"collection":[{"href":"http:\/\/polskaradapelletu.org\/ru\/wp-json\/wp\/v2\/pages"}],"about":[{"href":"http:\/\/polskaradapelletu.org\/ru\/wp-json\/wp\/v2\/types\/page"}],"author":[{"embeddable":true,"href":"http:\/\/polskaradapelletu.org\/ru\/wp-json\/wp\/v2\/users\/1"}],"replies":[{"embeddable":true,"href":"http:\/\/polskaradapelletu.org\/ru\/wp-json\/wp\/v2\/comments?post=1632"}],"version-history":[{"count":6,"href":"http:\/\/polskaradapelletu.org\/ru\/wp-json\/wp\/v2\/pages\/1632\/revisions"}],"predecessor-version":[{"id":1662,"href":"http:\/\/polskaradapelletu.org\/ru\/wp-json\/wp\/v2\/pages\/1632\/revisions\/1662"}],"up":[{"embeddable":true,"href":"http:\/\/polskaradapelletu.org\/ru\/wp-json\/wp\/v2\/pages\/1262"}],"wp:attachment":[{"href":"http:\/\/polskaradapelletu.org\/ru\/wp-json\/wp\/v2\/media?parent=1632"}],"curies":[{"name":"wp","href":"https:\/\/api.w.org\/{rel}","templated":true}]}}