{"id":1588,"date":"2019-07-23T00:14:46","date_gmt":"2019-07-22T22:14:46","guid":{"rendered":"http:\/\/polskaradapelletu.org\/?page_id=1588"},"modified":"2019-08-07T09:43:09","modified_gmt":"2019-08-07T07:43:09","slug":"system-certyfikacji-en-plus","status":"publish","type":"page","link":"http:\/\/polskaradapelletu.org\/ru\/dzialalnosc\/system-certyfikacji-en-plus\/","title":{"rendered":"(Polski) System Certyfikacji ENplus\u00ae"},"content":{"rendered":"<div id='full_slider_1' class='avia-fullwidth-slider main_color avia-shadow   avia-builder-el-0  el_before_av_section  avia-builder-el-first  container_wrap fullsize' style=' '  ><div  data-size='featured'  data-lightbox_size='large'  data-animation='slide'  data-conditional_play=''  data-ids='1284'  data-video_counter='0'  data-autoplay='false'  data-bg_slider='false'  data-slide_height=''  data-handle='av_slideshow_full'  data-interval='5'  data-class=' '  data-css_id=''  data-scroll_down=''  data-control_layout='av-control-hidden'  data-custom_markup=''  data-perma_caption='aviaTBperma_caption'  data-autoplay_stopper=''  data-image_attachment=''  data-min_height='0px'  data-src=''  data-position='top left'  data-repeat='no-repeat'  data-attach='scroll'  data-stretch=''  data-default-height='28.666666666667'  class='avia-slideshow avia-slideshow-1  av-control-hidden av-default-height-applied avia-slideshow-featured av_slideshow_full   avia-slide-slider '  itemprop=\"image\" itemscope=\"itemscope\" itemtype=\"https:\/\/schema.org\/ImageObject\" ><ul class='avia-slideshow-inner ' style='padding-bottom: 28.666666666667%;' ><li  class=' av-single-slide slide-1 ' ><div data-rel='slideshow-1' class='avia-slide-wrap '   ><img src='http:\/\/polskaradapelletu.org\/wp-content\/uploads\/2019\/05\/nature-sky-twilight-grass-9198_wynik-e1505857526395-1500x430.jpg' width='1500' height='430' title='nature-sky-twilight-grass-9198_wynik-e1505857526395' alt=''  itemprop=\"thumbnailUrl\"   \/><\/div><\/li><\/ul><div class = \"caption_fullwidth av-slideshow-caption caption_bottom\"><div class = \"container caption_container\"><div class = \"slideshow_caption\"><div class = \"slideshow_inner_caption\"><div class = \"slideshow_align_caption\"><h2  class='avia-caption-title  '  itemprop=\"name\" >System certyfikacji EN Plus<\/h2><\/div><\/div><\/div><\/div><\/div><\/div><\/div>\n<div id='av_section_1' class='avia-section main_color avia-section-default avia-no-border-styling avia-bg-style-scroll  avia-builder-el-1  el_after_av_slideshow_full  avia-builder-el-last   container_wrap fullsize' style=' '  ><div class='container' ><div class='template-page content  av-content-full alpha units'><div class='post-entry post-entry-type-page post-entry-1588'><div class='entry-content-wrapper clearfix'>\n<section class=\"av_textblock_section \"  itemscope=\"itemscope\" itemtype=\"https:\/\/schema.org\/CreativeWork\" ><div class='avia_textblock  '   itemprop=\"text\" ><p>Polska Rada Pelletu jest oficjalnym polskim przedstawicielem i cz\u0142onkiem stowarzyszonym organizacji European Pellet Council b\u0119d\u0105cej cz\u0119\u015bci\u0105 europejskiej sieci Bioenergy Europe www.epc.bioenergyeurope.org. Organizacja EPC European Pellet Council jest w\u0142a\u015bcicielem systemu certyfikacji EN<em>plus<\/em>\u00ae oraz znak\u00f3w chronionych prawem znak\u00f3w towarowych EN<em>plus<\/em> A1, A2 i B. W ramach swoich kompetencji Polska Rada Pelletu prowadzi dzia\u0142ania maj\u0105ce na celu udzielania wsparcia i informacji dla wszystkich podmiot\u00f3w ubiegaj\u0105cych si\u0119 o uzyskanie certyfikatu w systemie EN<em>plus<\/em>\u00ae, jak r\u00f3wnie\u017c dla u\u017cytkownik\u00f3w certyfikowanego w tym systemie pelletu. EN<em>plus<\/em>\u00ae to wiod\u0105cy na \u015bwiecie system certyfikacji jako\u015bci pelletu drzewnego. Obejmuje on nie tylko ca\u0142y \u0142a\u0144cuch dostaw, ale i r\u00f3wnie\u017c produkcj\u0119, handel i dostawy dzi\u0119ki czemu zapewnia najwy\u017csze standardy jako\u015bci dla u\u017cytkownika ko\u0144cowego. Poza promocj\u0105 systemu certyfikacji EN<em>plus<\/em>\u00ae, do g\u0142\u00f3wnych zada\u0144 PRP nale\u017c\u0105 m.in.:<\/p>\n<ul>\n<li>t\u0142umaczenie i aktualizacja dokumentacji certyfikacyjnej EN<em>plus<\/em>\u00ae przygotowanej przez European Pellet Council (EPC)<\/li>\n<li>pe\u0142nienie roli po\u015brednika pomi\u0119dzy przedsi\u0119biorstwami produkuj\u0105cymi pellet, a tak\u017ce po\u015brednikami w handlu z EPC<\/li>\n<li>organizowanie i promowanie wszelkich szkole\u0144 \/ imprez zwi\u0105zanych z programem EN<em>plus<\/em>\u00ae<\/li>\n<li>praca nad rozszerzeniem bazy certyfikowanych producent\u00f3w \/ trader\u00f3w<\/li>\n<li>po\u015bredniczenie w zg\u0142aszaniu do EPC, problem\u00f3w zwi\u0105zanych z jako\u015bci\u0105 pelletu, oszustw, a tak\u017ce wszelkich innych istotnych informacji dotycz\u0105cych certyfikacji<\/li>\n<li>powiadamianie EPC o wszelkich problemach administracyjnych \/ technicznych zwi\u0105zanych z EN<em>plus<\/em>\u00ae, kt\u00f3re mog\u0105 przyczyni\u0107 si\u0119 do jakiejkolwiek inicjatywy poprawy \/ aktualizacji schematu<\/li>\n<li>raportowanie o zmianach prawnych \/ rynkowych, kt\u00f3re mog\u0105 wp\u0142yn\u0105\u0107 na schemat certyfikacji EN<em>plus<\/em>\u00ae<\/li>\n<\/ul>\n<p>Logo EN<em>plus<\/em>\u00ae sta\u0142o si\u0119 istotnym argumentem dla sprzedawc\u00f3w pelletu drzewnego. Aby zagwarantowa\u0107 jej warto\u015b\u0107, logo i znak towarowy EN<em>plus<\/em>\u00ae s\u0105 zarejestrowane i chronione na mocy prawa mi\u0119dzynarodowego, a ich stosowanie jest \u015bci\u015ble ograniczone do certyfikowanych firm spe\u0142niaj\u0105cych precyzyjne wytyczne. W\u0142a\u015bcicielem i wy\u0142\u0105cznym dysponentem logo jest Sp\u00f3\u0142ka EN<em>plus<\/em> c\/o Bioenergy Europe, z siedziba\u0328 w Brukseli (1050) w Belgi, przy Place du Champ de Mars 2, (enplus@bioenergyeurope.org). Certyfikat EN<em>plus<\/em>\u00ae jest wa\u017cny przez okres 3 lat. Ka\u017cdy producent jest \u015bwiadomy, \u017ce je\u015bli nie b\u0119dzie spe\u0142nia\u0107 wymog\u00f3w certyfikacji, certyfikat mo\u017ce zosta\u0107 zawieszony lub wycofany. Raz w roku jednostka certyfikuj\u0105ca przeprowadzi w danej firmie obowi\u0105zkowy audyt, tzw. audyt w nadzorze nad wydanym certyfikatem. W przypadku uzasadnionych skarg, EPC mo\u017ce zleci\u0107 jednostce certyfikacyjnej przeprowadzenie dodatkowego audytu. Zawieszenie\/ wycofanie certyfikatu dla jednej z lokalizacji firmy, je\u015bli firma ma wiele lokalizacji, nie skutkuje zawieszeniem\/ wycofaniem certyfikatu dla pozosta\u0142ych lokalizacji. Po okresie 3 lat oraz po pozytywnym wyniku audytu re-certyfikacyjnego, firma otrzymuje nowy certyfikat na kolejny okres 3 lat.<\/p>\n<ul>\n<li>Producenci jacy zdecyduj\u0105 si\u0119 na wdro\u017cenie systemu zapewniania jako\u015bci pelletu drzewnego klasy A1 ustanowionego na podstawie wymaga\u0144 norm serii EN ISO 17225 zgodnie ze schematem certyfikacji EN<em>plus<\/em>\u00ae zobowi\u0105zani s\u0105 wypracowa\u0107 i dzia\u0142a\u0107 zgodnie z schematem\/wytycznymi takimi jak:<\/li>\n<li>Zdefiniowanie klas jako\u015bci i okre\u015blenie w\u0142a\u015bciwo\u015bci produkowanego pelletu drzewnego;<\/li>\n<li>Stworzenie wewn\u0119trznego systemu zarz\u0105dzania jako\u015bci\u0105 oraz zak\u0142adowej kontroli produkcji (wyposa\u017cenie proces\u00f3w, kwalifikacje personelu, stworzenie dokumentacji systemowej, zak\u0142adowa kontrola produkcji oraz badania laboratoryjne);<\/li>\n<li>Monitorowanie, sta\u0142y nadz\u00f3r i potwierdzenie zgodno\u015bci pelletu, produkcji, logistyki (a\u017c do odbiorcy detalicznego) i jako\u015bci zarz\u0105dzania ze standardami europejskimi i zapisami standard\u00f3w \u201eHandbook for the Certification od Wood Pellets for Heating Purposes EN<em>plus<\/em>\u00ae\u201d<\/li>\n<li>Spos\u00f3b post\u0119powania z reklamacjami;<\/li>\n<li>Certyfikacja systemu, uzyskanie licencji do stosowania znaku jako\u015bci EN<em>plus<\/em>\u00ae<\/li>\n<li>Etykietowanie opakowa\u0144 jednostkowych z wyrobem gotowym;<\/li>\n<li>Prawid\u0142owe u\u017cywanie numeru identyfikacyjnego EN<em>plus<\/em>\u00ae<\/li>\n<\/ul>\n<\/div><\/section>\n\n","protected":false},"excerpt":{"rendered":"","protected":false},"author":1,"featured_media":0,"parent":1262,"menu_order":0,"comment_status":"closed","ping_status":"closed","template":"","meta":{"_acf_changed":false,"_exactmetrics_skip_tracking":false,"_exactmetrics_sitenote_active":false,"_exactmetrics_sitenote_note":"","_exactmetrics_sitenote_category":0,"footnotes":""},"class_list":["post-1588","page","type-page","status-publish","hentry"],"acf":[],"yoast_head":"<!-- This site is optimized with the Yoast SEO plugin v24.3 - https:\/\/yoast.com\/wordpress\/plugins\/seo\/ -->\n<title><\/title>\n<meta name=\"robots\" content=\"index, follow, max-snippet:-1, max-image-preview:large, max-video-preview:-1\" \/>\n<link rel=\"canonical\" href=\"http:\/\/polskaradapelletu.org\/dzialalnosc\/system-certyfikacji-en-plus\/\" \/>\n<meta property=\"og:locale\" content=\"ru_RU\" \/>\n<meta property=\"og:type\" content=\"article\" \/>\n<meta property=\"og:title\" content=\"[:pl]System Certyfikacji ENplus\u00ae[:] - (Polski) Polska Rada Pelletu\" \/>\n<meta property=\"og:url\" content=\"http:\/\/polskaradapelletu.org\/dzialalnosc\/system-certyfikacji-en-plus\/\" \/>\n<meta property=\"og:site_name\" content=\"(Polski) Polska Rada Pelletu\" \/>\n<meta property=\"article:modified_time\" content=\"2019-08-07T07:43:09+00:00\" \/>\n<meta name=\"twitter:card\" content=\"summary_large_image\" \/>\n<meta name=\"twitter:label1\" content=\"\u041f\u0440\u0438\u043c\u0435\u0440\u043d\u043e\u0435 \u0432\u0440\u0435\u043c\u044f \u0434\u043b\u044f \u0447\u0442\u0435\u043d\u0438\u044f\" \/>\n\t<meta name=\"twitter:data1\" content=\"5 \u043c\u0438\u043d\u0443\u0442\" \/>\n<script type=\"application\/ld+json\" class=\"yoast-schema-graph\">{\"@context\":\"https:\/\/schema.org\",\"@graph\":[{\"@type\":\"WebPage\",\"@id\":\"http:\/\/polskaradapelletu.org\/dzialalnosc\/system-certyfikacji-en-plus\/\",\"url\":\"http:\/\/polskaradapelletu.org\/dzialalnosc\/system-certyfikacji-en-plus\/\",\"name\":\"[:pl]System Certyfikacji ENplus\u00ae[:] - (Polski) Polska Rada Pelletu\",\"isPartOf\":{\"@id\":\"http:\/\/polskaradapelletu.org\/#website\"},\"datePublished\":\"2019-07-22T22:14:46+00:00\",\"dateModified\":\"2019-08-07T07:43:09+00:00\",\"breadcrumb\":{\"@id\":\"http:\/\/polskaradapelletu.org\/dzialalnosc\/system-certyfikacji-en-plus\/#breadcrumb\"},\"inLanguage\":\"ru-RU\",\"potentialAction\":[{\"@type\":\"ReadAction\",\"target\":[\"http:\/\/polskaradapelletu.org\/dzialalnosc\/system-certyfikacji-en-plus\/\"]}]},{\"@type\":\"BreadcrumbList\",\"@id\":\"http:\/\/polskaradapelletu.org\/dzialalnosc\/system-certyfikacji-en-plus\/#breadcrumb\",\"itemListElement\":[{\"@type\":\"ListItem\",\"position\":1,\"name\":\"Strona g\u0142\u00f3wna\",\"item\":\"http:\/\/polskaradapelletu.org\/\"},{\"@type\":\"ListItem\",\"position\":2,\"name\":\"Zakres Dzia\u0142alno\u015bci\",\"item\":\"http:\/\/polskaradapelletu.org\/dzialalnosc\/\"},{\"@type\":\"ListItem\",\"position\":3,\"name\":\"System Certyfikacji ENplus\u00ae\"}]},{\"@type\":\"WebSite\",\"@id\":\"http:\/\/polskaradapelletu.org\/#website\",\"url\":\"http:\/\/polskaradapelletu.org\/\",\"name\":\"(Polski) Polska Rada Pelletu\",\"description\":\"\",\"potentialAction\":[{\"@type\":\"SearchAction\",\"target\":{\"@type\":\"EntryPoint\",\"urlTemplate\":\"http:\/\/polskaradapelletu.org\/?s={search_term_string}\"},\"query-input\":{\"@type\":\"PropertyValueSpecification\",\"valueRequired\":true,\"valueName\":\"search_term_string\"}}],\"inLanguage\":\"ru-RU\"}]}<\/script>\n<!-- \/ Yoast SEO plugin. -->","yoast_head_json":{"title":"[:pl]System Certyfikacji ENplus\u00ae[:] - (Polski) Polska Rada Pelletu","robots":{"index":"index","follow":"follow","max-snippet":"max-snippet:-1","max-image-preview":"max-image-preview:large","max-video-preview":"max-video-preview:-1"},"canonical":"http:\/\/polskaradapelletu.org\/dzialalnosc\/system-certyfikacji-en-plus\/","og_locale":"ru_RU","og_type":"article","og_title":"[:pl]System Certyfikacji ENplus\u00ae[:] - (Polski) Polska Rada Pelletu","og_url":"http:\/\/polskaradapelletu.org\/dzialalnosc\/system-certyfikacji-en-plus\/","og_site_name":"(Polski) Polska Rada Pelletu","article_modified_time":"2019-08-07T07:43:09+00:00","twitter_card":"summary_large_image","twitter_misc":{"\u041f\u0440\u0438\u043c\u0435\u0440\u043d\u043e\u0435 \u0432\u0440\u0435\u043c\u044f \u0434\u043b\u044f \u0447\u0442\u0435\u043d\u0438\u044f":"5 \u043c\u0438\u043d\u0443\u0442"},"schema":{"@context":"https:\/\/schema.org","@graph":[{"@type":"WebPage","@id":"http:\/\/polskaradapelletu.org\/dzialalnosc\/system-certyfikacji-en-plus\/","url":"http:\/\/polskaradapelletu.org\/dzialalnosc\/system-certyfikacji-en-plus\/","name":"[:pl]System Certyfikacji ENplus\u00ae[:] - (Polski) Polska Rada Pelletu","isPartOf":{"@id":"http:\/\/polskaradapelletu.org\/#website"},"datePublished":"2019-07-22T22:14:46+00:00","dateModified":"2019-08-07T07:43:09+00:00","breadcrumb":{"@id":"http:\/\/polskaradapelletu.org\/dzialalnosc\/system-certyfikacji-en-plus\/#breadcrumb"},"inLanguage":"ru-RU","potentialAction":[{"@type":"ReadAction","target":["http:\/\/polskaradapelletu.org\/dzialalnosc\/system-certyfikacji-en-plus\/"]}]},{"@type":"BreadcrumbList","@id":"http:\/\/polskaradapelletu.org\/dzialalnosc\/system-certyfikacji-en-plus\/#breadcrumb","itemListElement":[{"@type":"ListItem","position":1,"name":"Strona g\u0142\u00f3wna","item":"http:\/\/polskaradapelletu.org\/"},{"@type":"ListItem","position":2,"name":"Zakres Dzia\u0142alno\u015bci","item":"http:\/\/polskaradapelletu.org\/dzialalnosc\/"},{"@type":"ListItem","position":3,"name":"System Certyfikacji ENplus\u00ae"}]},{"@type":"WebSite","@id":"http:\/\/polskaradapelletu.org\/#website","url":"http:\/\/polskaradapelletu.org\/","name":"(Polski) Polska Rada Pelletu","description":"","potentialAction":[{"@type":"SearchAction","target":{"@type":"EntryPoint","urlTemplate":"http:\/\/polskaradapelletu.org\/?s={search_term_string}"},"query-input":{"@type":"PropertyValueSpecification","valueRequired":true,"valueName":"search_term_string"}}],"inLanguage":"ru-RU"}]}},"_links":{"self":[{"href":"http:\/\/polskaradapelletu.org\/ru\/wp-json\/wp\/v2\/pages\/1588","targetHints":{"allow":["GET"]}}],"collection":[{"href":"http:\/\/polskaradapelletu.org\/ru\/wp-json\/wp\/v2\/pages"}],"about":[{"href":"http:\/\/polskaradapelletu.org\/ru\/wp-json\/wp\/v2\/types\/page"}],"author":[{"embeddable":true,"href":"http:\/\/polskaradapelletu.org\/ru\/wp-json\/wp\/v2\/users\/1"}],"replies":[{"embeddable":true,"href":"http:\/\/polskaradapelletu.org\/ru\/wp-json\/wp\/v2\/comments?post=1588"}],"version-history":[{"count":7,"href":"http:\/\/polskaradapelletu.org\/ru\/wp-json\/wp\/v2\/pages\/1588\/revisions"}],"predecessor-version":[{"id":1696,"href":"http:\/\/polskaradapelletu.org\/ru\/wp-json\/wp\/v2\/pages\/1588\/revisions\/1696"}],"up":[{"embeddable":true,"href":"http:\/\/polskaradapelletu.org\/ru\/wp-json\/wp\/v2\/pages\/1262"}],"wp:attachment":[{"href":"http:\/\/polskaradapelletu.org\/ru\/wp-json\/wp\/v2\/media?parent=1588"}],"curies":[{"name":"wp","href":"https:\/\/api.w.org\/{rel}","templated":true}]}}