{"id":1262,"date":"2019-05-20T00:45:11","date_gmt":"2019-05-19T22:45:11","guid":{"rendered":"http:\/\/polskaradapelletu.org\/?page_id=1262"},"modified":"2025-03-03T15:03:18","modified_gmt":"2025-03-03T14:03:18","slug":"dzialalnosc","status":"publish","type":"page","link":"http:\/\/polskaradapelletu.org\/ru\/dzialalnosc\/","title":{"rendered":"(Polski) Zakres Dzia\u0142alno\u015bci"},"content":{"rendered":"<\/div><\/div><\/div><!-- close content main div --><\/div><\/div><div id='full_slider_3' class='avia-fullwidth-slider main_color avia-shadow   slider-not-first container_wrap fullsize' style=' '  ><div  data-size='featured'  data-lightbox_size='large'  data-animation='slide'  data-conditional_play=''  data-ids='1284'  data-video_counter='0'  data-autoplay='false'  data-bg_slider='false'  data-slide_height=''  data-handle='av_slideshow_full'  data-interval='5'  data-class=' '  data-css_id=''  data-scroll_down=''  data-control_layout='av-control-hidden'  data-custom_markup=''  data-perma_caption='aviaTBperma_caption'  data-autoplay_stopper=''  data-image_attachment=''  data-min_height='0px'  data-src=''  data-position='top left'  data-repeat='no-repeat'  data-attach='scroll'  data-stretch=''  data-default-height='28.666666666667'  class='avia-slideshow avia-slideshow-3  av-control-hidden av-default-height-applied avia-slideshow-featured av_slideshow_full   avia-slide-slider '  itemprop=\"image\" itemscope=\"itemscope\" itemtype=\"https:\/\/schema.org\/ImageObject\" ><ul class='avia-slideshow-inner ' style='padding-bottom: 28.666666666667%;' ><li  class=' av-single-slide slide-1 ' ><div data-rel='slideshow-3' class='avia-slide-wrap '   ><img src='http:\/\/polskaradapelletu.org\/wp-content\/uploads\/2019\/05\/nature-sky-twilight-grass-9198_wynik-e1505857526395-1500x430.jpg' width='1500' height='430' title='nature-sky-twilight-grass-9198_wynik-e1505857526395' alt=''  itemprop=\"thumbnailUrl\"   \/><\/div><\/li><\/ul><div class = \"caption_fullwidth av-slideshow-caption caption_bottom\"><div class = \"container caption_container\"><div class = \"slideshow_caption\"><div class = \"slideshow_inner_caption\"><div class = \"slideshow_align_caption\"><h2  style='font-size:40px; ' class='avia-caption-title  '  itemprop=\"name\" >Dzia\u0142alno\u015b\u0107<\/h2><\/div><\/div><\/div><\/div><\/div><\/div><\/div>\n<\/div><\/div><\/div><!-- close content main div --><\/div><\/div><div id='av_section_5' class='avia-section main_color avia-section-default avia-no-border-styling avia-bg-style-scroll   container_wrap fullsize' style=' '  ><div class='container' ><div class='template-page content  av-content-full alpha units'><div class='post-entry post-entry-type-page post-entry-1262'><div class='entry-content-wrapper clearfix'>\n<div style='padding-bottom:10px; ' class='av-special-heading av-special-heading-h3  blockquote modern-quote   '><h3 class='av-special-heading-tag '  itemprop=\"headline\"  >Jako\u015b\u0107 i certyfikacja pelletu<\/h3><div class='special-heading-border'><div class='special-heading-inner-border' ><\/div><\/div><\/div>\n<section class=\"av_textblock_section \"  itemscope=\"itemscope\" itemtype=\"https:\/\/schema.org\/CreativeWork\" ><div class='avia_textblock  '   itemprop=\"text\" ><p style=\"text-align: justify;\">POLSKA RADA PELLETU stanowi KRAJOWEY PUNKT KONTAKTOWY dla bran\u017cy Pelletu w Polsce jak i r\u00f3wnie\u017c za granicami kraju. Stawiamy na pierwszym miejscu dzia\u0142ania przyczyniaj\u0105ce si\u0119 do \u201epolepszenia jako\u015bci powietrza\u201d poprzez promocj\u0119 pelletu jako paliwa ekologicznego, a tak\u017ce prowadzenie dzia\u0142alno\u015bci badawczo-rozwojowej i edukacyjnej. Czynnie wspieramy producent\u00f3w, firmy handlowe i us\u0142ugowe ubiegaj\u0105ce si\u0119 o uzyskanie certyfikatu w systemie EN<em>plus<\/em>\u00ae i nie tylko.<\/p>\n<\/div><\/section>\n<div class=\"flex_column av_one_half  flex_column_div av-zero-column-padding first  \" style='border-radius:0px; '><p><div style=' margin-top:10px; margin-bottom:10px;'  class='hr hr-custom hr-center hr-icon-no  '><span class='hr-inner   inner-border-av-border-thin' style=' width:100%;' ><span class='hr-inner-style'><\/span><\/span><\/div><br \/>\n<section class=\"av_textblock_section \"  itemscope=\"itemscope\" itemtype=\"https:\/\/schema.org\/CreativeWork\" ><div class='avia_textblock  '   itemprop=\"text\" ><h4>System Certyfikacji EN<em>plus<\/em>\u00ae<a href=\"http:\/\/polskaradapelletu.org\/enplus-przyklad\/\"><img loading=\"lazy\" decoding=\"async\" class=\" wp-image-1469 alignright\" src=\"http:\/\/polskaradapelletu.org\/wp-content\/uploads\/2019\/06\/ENplus-przyklad.png\" alt=\"\" width=\"120\" height=\"76\" \/><\/a><\/h4>\n<p>Krajowy Punkt Kontaktowy (NPA) dla certyfikowanych podmiot\u00f3w i u\u017cytkownik\u00f3w w sprawach certyfikacji w systemie EN<em>plus<\/em>\u00ae<\/p>\n<\/div><\/section><br \/>\n<div style=' margin-top:10px; margin-bottom:10px;'  class='hr hr-custom hr-center hr-icon-no  '><span class='hr-inner   inner-border-av-border-thin' style=' width:100%;' ><span class='hr-inner-style'><\/span><\/span><\/div><br \/>\n<section class=\"av_textblock_section \"  itemscope=\"itemscope\" itemtype=\"https:\/\/schema.org\/CreativeWork\" ><div class='avia_textblock  '   itemprop=\"text\" ><p style=\"text-align: right;\"><a href=\"http:\/\/polskaradapelletu.org\/dzialalnosc\/system-certyfikacji-en-plus\/\">dowiedz si\u0119 wi\u0119cej<\/a><\/p>\n<\/div><\/section><br \/>\n<div style=' margin-top:-10px; margin-bottom:10px;'  class='hr hr-custom hr-center hr-icon-no  '><span class='hr-inner   inner-border-av-border-thin' style=' width:100%;' ><span class='hr-inner-style'><\/span><\/span><\/div><\/p><\/div><div class=\"flex_column av_one_half  flex_column_div av-zero-column-padding   \" style='border-radius:0px; '><p><div style=' margin-top:10px; margin-bottom:10px;'  class='hr hr-custom hr-center hr-icon-no  '><span class='hr-inner   inner-border-av-border-thin' style=' width:100%;' ><span class='hr-inner-style'><\/span><\/span><\/div><br \/>\n<section class=\"av_textblock_section \"  itemscope=\"itemscope\" itemtype=\"https:\/\/schema.org\/CreativeWork\" ><div class='avia_textblock  '   itemprop=\"text\" ><h4>Inne certyfikaty jako\u015bci<\/h4>\n<\/div><\/section><br \/>\n<div style=' margin-top:10px; margin-bottom:10px;'  class='hr hr-custom hr-center hr-icon-no  '><span class='hr-inner   inner-border-av-border-thin' style=' width:100%;' ><span class='hr-inner-style'><\/span><\/span><\/div><br \/>\n<section class=\"av_textblock_section \"  itemscope=\"itemscope\" itemtype=\"https:\/\/schema.org\/CreativeWork\" ><div class='avia_textblock  '   itemprop=\"text\" ><p style=\"text-align: right;\"><a href=\"http:\/\/polskaradapelletu.org\/dzialalnosc\/inne-certyfikaty-jakosci\/\">dowiedz si\u0119 wi\u0119cej<\/a><\/p>\n<\/div><\/section><br \/>\n<div style=' margin-top:-10px; margin-bottom:10px;'  class='hr hr-custom hr-center hr-icon-no  '><span class='hr-inner   inner-border-av-border-thin' style=' width:100%;' ><span class='hr-inner-style'><\/span><\/span><\/div><\/p><\/div><\/div><\/div><\/div><!-- close content main div --><\/div><\/div><div id='av_section_6' class='avia-section main_color avia-section-default avia-no-border-styling avia-bg-style-scroll   container_wrap fullsize' style=' '  ><div class='container' ><div class='template-page content  av-content-full alpha units'><div class='post-entry post-entry-type-page post-entry-1262'><div class='entry-content-wrapper clearfix'>\n<div style='padding-bottom:10px; ' class='av-special-heading av-special-heading-h3  blockquote modern-quote   '><h3 class='av-special-heading-tag '  itemprop=\"headline\"  >Kontrola rynku i fraudy<\/h3><div class='special-heading-border'><div class='special-heading-inner-border' ><\/div><\/div><\/div>\n<section class=\"av_textblock_section \"  itemscope=\"itemscope\" itemtype=\"https:\/\/schema.org\/CreativeWork\" ><div class='avia_textblock  '   itemprop=\"text\" ><p style=\"text-align: justify;\">POLSKA RADA PELLETU za jako jeden z g\u0142\u00f3wnych zada\u0144 stawia walk\u0119 z fa\u0142szerstwami, zwi\u0105zanymi z podszywaniem si\u0119 pod certyfikowane produkty, zar\u00f3wno przez producent\u00f3w pelletu drzewnego, jak i firmami handluj\u0105cym tym paliwem na rynku. Jeste\u015bmy punktem kontaktowym dla zg\u0142osze\u0144 w sprawach fa\u0142szerstw oraz wspieramy dzia\u0142ania informacyjne dla ustandaryzowania system\u00f3w certyfikacji w zakresie jako\u015bci pelletu. Niestety, ale coraz cz\u0119\u015bciej zdarzaj\u0105 si\u0119 oszustwa bazuj\u0105ce na nadu\u017cyciu znak\u00f3w jako\u015bci.<br \/>\nIstniej\u0105 dwie kategorie przypadk\u00f3w takich nadu\u017cy\u0107:<br \/>\n\u2022 Oszustwo zewn\u0119trzne &#8212; zazwyczaj nieuprawnione u\u017cycie znaku towarowego lub jego cz\u0119\u015bci, kt\u00f3re stanowi naruszenie praw w\u0142a\u015bciciela znaku towarowego.<br \/>\n\u2022 Oszustwo wewn\u0119trzne &#8212; dotycz\u0105 naruszenia przez firmy nie posiadaj\u0105ce certyfikatu, sfa\u0142szowanych dokument\u00f3w i wprowadzaniu paliwa do obrotu jako certyfikowanego.<\/p>\n<\/div><\/section>\n<div class=\"flex_column av_one_half  flex_column_div av-zero-column-padding first  \" style='border-radius:0px; '><p><div style='padding-bottom:10px; ' class='av-special-heading av-special-heading-h3  blockquote modern-quote   '><h3 class='av-special-heading-tag '  itemprop=\"headline\"  >RODZAJE FA\u0141SZERSTW<\/h3><div class='special-heading-border'><div class='special-heading-inner-border' ><\/div><\/div><\/div><br \/>\n<section class=\"av_textblock_section \"  itemscope=\"itemscope\" itemtype=\"https:\/\/schema.org\/CreativeWork\" ><div class='avia_textblock  '   itemprop=\"text\" ><p>Na podstawie statystyk podanych przez Europejsk\u0105 Rad\u0119 ds. Pelletu wszelkie oszustwa mo\u017cemy podzieli\u0107 na 3 g\u0142\u00f3wne grypy tj.:<\/p>\n<ol>\n<li>Stosowanie znaku certyfikacji przez podmioty nieuprawnione w materia\u0142ach marketingowych, jak np. na poni\u017cszych zdj\u0119ciach<br \/>\n<a href=\"http:\/\/polskaradapelletu.org\/dzialalnosc\/nieuprawnione_stosowanie_znaku\/\" rel=\"attachment wp-att-1612\"><img loading=\"lazy\" decoding=\"async\" class=\"size-full wp-image-1612 aligncenter\" src=\"http:\/\/polskaradapelletu.org\/wp-content\/uploads\/2019\/07\/nieuprawnione_stosowanie_znaku.jpg\" alt=\"\" width=\"605\" height=\"406\" srcset=\"http:\/\/polskaradapelletu.org\/wp-content\/uploads\/2019\/07\/nieuprawnione_stosowanie_znaku.jpg 605w, http:\/\/polskaradapelletu.org\/wp-content\/uploads\/2019\/07\/nieuprawnione_stosowanie_znaku-300x201.jpg 300w, http:\/\/polskaradapelletu.org\/wp-content\/uploads\/2019\/07\/nieuprawnione_stosowanie_znaku-450x302.jpg 450w\" sizes=\"auto, (max-width: 605px) 100vw, 605px\" \/><\/a><\/li>\n<li>Nieuprawnione oznaczenie logo certyfikatu na opakowaniu<br \/>\n<a href=\"http:\/\/polskaradapelletu.org\/dzialalnosc\/nieuprawnione_stosowanie_logo\/\" rel=\"attachment wp-att-1613\"><img loading=\"lazy\" decoding=\"async\" class=\"size-full wp-image-1613 aligncenter\" src=\"http:\/\/polskaradapelletu.org\/wp-content\/uploads\/2019\/07\/nieuprawnione_stosowanie_logo.jpg\" alt=\"\" width=\"605\" height=\"396\" srcset=\"http:\/\/polskaradapelletu.org\/wp-content\/uploads\/2019\/07\/nieuprawnione_stosowanie_logo.jpg 605w, http:\/\/polskaradapelletu.org\/wp-content\/uploads\/2019\/07\/nieuprawnione_stosowanie_logo-300x196.jpg 300w, http:\/\/polskaradapelletu.org\/wp-content\/uploads\/2019\/07\/nieuprawnione_stosowanie_logo-450x295.jpg 450w\" sizes=\"auto, (max-width: 605px) 100vw, 605px\" \/><\/a><\/li>\n<li>Fa\u0142szowanie certyfikatu<br \/>\n<a href=\"http:\/\/polskaradapelletu.org\/dzialalnosc\/podobienie_cetyfikatu\/\" rel=\"attachment wp-att-1614\"><img loading=\"lazy\" decoding=\"async\" class=\"size-full wp-image-1614 aligncenter\" src=\"http:\/\/polskaradapelletu.org\/wp-content\/uploads\/2019\/07\/podobienie_cetyfikatu.jpg\" alt=\"\" width=\"605\" height=\"400\" srcset=\"http:\/\/polskaradapelletu.org\/wp-content\/uploads\/2019\/07\/podobienie_cetyfikatu.jpg 605w, http:\/\/polskaradapelletu.org\/wp-content\/uploads\/2019\/07\/podobienie_cetyfikatu-300x198.jpg 300w, http:\/\/polskaradapelletu.org\/wp-content\/uploads\/2019\/07\/podobienie_cetyfikatu-450x298.jpg 450w\" sizes=\"auto, (max-width: 605px) 100vw, 605px\" \/><\/a><\/li>\n<\/ol>\n<\/div><\/section><\/p><\/div><div class=\"flex_column av_one_half  flex_column_div av-zero-column-padding   \" style='border-radius:0px; '><p><div style='padding-bottom:10px; ' class='av-special-heading av-special-heading-h3  blockquote modern-quote   '><h3 class='av-special-heading-tag '  itemprop=\"headline\"  >ZG\u0141O\u015a FA\u0141SZERSTWO<\/h3><div class='special-heading-border'><div class='special-heading-inner-border' ><\/div><\/div><\/div><br \/>\n<section class=\"av_textblock_section \"  itemscope=\"itemscope\" itemtype=\"https:\/\/schema.org\/CreativeWork\" ><div class='avia_textblock  '   itemprop=\"text\" ><p>Niestety, ale coraz cz\u0119\u015bciej zdarzaj\u0105 si\u0119 oszustwa bazuj\u0105ce na nadu\u017cyciu znak\u00f3w jako\u015bci EN<em>plus<\/em>\u00ae i DIN<em>plus<\/em>. Istniej\u0105 dwie kategorie przypadk\u00f3w oszustw:<\/p>\n<ul>\n<li>Oszustwo zewn\u0119trzne &#8212; zazwyczaj nieuprawnione u\u017cycie znaku towarowego lub jego cz\u0119\u015bci, kt\u00f3re stanowi naruszenie praw w\u0142a\u015bciciela znaku towarowego.<\/li>\n<li>Oszustwo wewn\u0119trzne &#8212; naruszenia ze strony firm certyfikowanych przez EN<em>plus<\/em>\u00ae i DIN CERTCO, do nieuczciwego wykorzystania certyfikacji do fa\u0142szowania certyfikat\u00f3w.<\/li>\n<\/ul>\n<p>W obu przypadkach konsumenci s\u0105 wprowadzani w b\u0142\u0105d co do jako\u015bci pelletu, co mo\u017ce mie\u0107 powa\u017cny wp\u0142yw na utrzymanie i wydajno\u015b\u0107 ich urz\u0105dze\u0144 grzewczych. Ponadto oszustwa powa\u017cnie podwa\u017caj\u0105 wysi\u0142ki wszystkich certyfikowanych firm na rzecz sprawiedliwego i przejrzystego rynku pelletu.<\/p>\n<\/div><\/section><br \/>\n<div style='height:50px' class='hr hr-invisible  '><span class='hr-inner ' ><span class='hr-inner-style'><\/span><\/span><\/div><br \/>\n<article class=\"iconbox iconbox_top main_color    \"  itemscope=\"itemscope\" itemtype=\"https:\/\/schema.org\/CreativeWork\" ><div class=\"iconbox_content\"><header class=\"entry-content-header\"><div class=\"iconbox_icon heading-color \" aria-hidden='true' data-av_icon='\ue83e' data-av_iconfont='entypo-fontello'  ><\/div><h3 class='iconbox_content_title  '  itemprop=\"headline\"  ><a href='http:\/\/polskaradapelletu.org\/ru\/dzialalnosc\/enplus-2\/' title='Zg\u0142o\u015b fa\u0142szerstwo'  >Zg\u0142o\u015b fa\u0142szerstwo<\/a><\/h3><\/header><div class='iconbox_content_container  '  itemprop=\"text\"  ><p>EN<em>plus<\/em>\u00ae<\/p>\n<\/div><\/div><footer class=\"entry-footer\"><\/footer><\/article><br \/>\n<div style='height:50px' class='hr hr-invisible  '><span class='hr-inner ' ><span class='hr-inner-style'><\/span><\/span><\/div><br \/>\n<article class=\"iconbox iconbox_top main_color    \"  itemscope=\"itemscope\" itemtype=\"https:\/\/schema.org\/CreativeWork\" ><div class=\"iconbox_content\"><header class=\"entry-content-header\"><div class=\"iconbox_icon heading-color \" aria-hidden='true' data-av_icon='\ue83e' data-av_iconfont='entypo-fontello'  ><\/div><h3 class='iconbox_content_title  '  itemprop=\"headline\"  ><a href='http:\/\/polskaradapelletu.org\/ru\/dzialalnosc\/dinplus-2\/' title='Zg\u0142o\u015b fa\u0142szerstwo '  >Zg\u0142o\u015b fa\u0142szerstwo <\/a><\/h3><\/header><div class='iconbox_content_container  '  itemprop=\"text\"  ><p>DIN<em>plus<\/em><\/p>\n<\/div><\/div><footer class=\"entry-footer\"><\/footer><\/article><\/p><\/div>\n<\/p>","protected":false},"excerpt":{"rendered":"<p>\u0418\u0437\u0432\u0438\u043d\u0438\u0442\u0435, \u044d\u0442\u043e\u0442 \u0442\u0435\u0445\u0442 \u0434\u043e\u0441\u0442\u0443\u043f\u0435\u043d \u0442\u043e\u043b\u044c\u043a\u043e \u0432 &ldquo;Polski&rdquo;.<\/p>\n","protected":false},"author":1,"featured_media":0,"parent":0,"menu_order":0,"comment_status":"closed","ping_status":"closed","template":"","meta":{"_acf_changed":false,"_exactmetrics_skip_tracking":false,"_exactmetrics_sitenote_active":false,"_exactmetrics_sitenote_note":"","_exactmetrics_sitenote_category":0,"footnotes":""},"class_list":["post-1262","page","type-page","status-publish","hentry"],"acf":[],"yoast_head":"<!-- This site is optimized with the Yoast SEO plugin v24.3 - https:\/\/yoast.com\/wordpress\/plugins\/seo\/ -->\n<title><\/title>\n<meta name=\"robots\" content=\"index, follow, max-snippet:-1, max-image-preview:large, max-video-preview:-1\" \/>\n<link rel=\"canonical\" href=\"http:\/\/polskaradapelletu.org\/dzialalnosc\/\" \/>\n<meta property=\"og:locale\" content=\"ru_RU\" \/>\n<meta property=\"og:type\" content=\"article\" \/>\n<meta property=\"og:title\" content=\"[:pl]Zakres Dzia\u0142alno\u015bci[:] - (Polski) Polska Rada Pelletu\" \/>\n<meta property=\"og:description\" content=\"\u0418\u0437\u0432\u0438\u043d\u0438\u0442\u0435, \u044d\u0442\u043e\u0442 \u0442\u0435\u0445\u0442 \u0434\u043e\u0441\u0442\u0443\u043f\u0435\u043d \u0442\u043e\u043b\u044c\u043a\u043e \u0432 &ldquo;Polski&rdquo;.\" \/>\n<meta property=\"og:url\" content=\"http:\/\/polskaradapelletu.org\/dzialalnosc\/\" \/>\n<meta property=\"og:site_name\" content=\"(Polski) Polska Rada Pelletu\" \/>\n<meta property=\"article:modified_time\" content=\"2025-03-03T14:03:18+00:00\" \/>\n<meta property=\"og:image\" content=\"http:\/\/polskaradapelletu.org\/wp-content\/uploads\/2019\/06\/ENplus-przyklad.png\" \/>\n<meta name=\"twitter:card\" content=\"summary_large_image\" \/>\n<meta name=\"twitter:label1\" content=\"\u041f\u0440\u0438\u043c\u0435\u0440\u043d\u043e\u0435 \u0432\u0440\u0435\u043c\u044f \u0434\u043b\u044f \u0447\u0442\u0435\u043d\u0438\u044f\" \/>\n\t<meta name=\"twitter:data1\" content=\"7 \u043c\u0438\u043d\u0443\u0442\" \/>\n<script type=\"application\/ld+json\" class=\"yoast-schema-graph\">{\"@context\":\"https:\/\/schema.org\",\"@graph\":[{\"@type\":\"WebPage\",\"@id\":\"http:\/\/polskaradapelletu.org\/dzialalnosc\/\",\"url\":\"http:\/\/polskaradapelletu.org\/dzialalnosc\/\",\"name\":\"[:pl]Zakres Dzia\u0142alno\u015bci[:] - (Polski) Polska Rada Pelletu\",\"isPartOf\":{\"@id\":\"http:\/\/polskaradapelletu.org\/#website\"},\"primaryImageOfPage\":{\"@id\":\"http:\/\/polskaradapelletu.org\/dzialalnosc\/#primaryimage\"},\"image\":{\"@id\":\"http:\/\/polskaradapelletu.org\/dzialalnosc\/#primaryimage\"},\"thumbnailUrl\":\"http:\/\/polskaradapelletu.org\/wp-content\/uploads\/2019\/06\/ENplus-przyklad.png\",\"datePublished\":\"2019-05-19T22:45:11+00:00\",\"dateModified\":\"2025-03-03T14:03:18+00:00\",\"breadcrumb\":{\"@id\":\"http:\/\/polskaradapelletu.org\/dzialalnosc\/#breadcrumb\"},\"inLanguage\":\"ru-RU\",\"potentialAction\":[{\"@type\":\"ReadAction\",\"target\":[\"http:\/\/polskaradapelletu.org\/dzialalnosc\/\"]}]},{\"@type\":\"ImageObject\",\"inLanguage\":\"ru-RU\",\"@id\":\"http:\/\/polskaradapelletu.org\/dzialalnosc\/#primaryimage\",\"url\":\"http:\/\/polskaradapelletu.org\/wp-content\/uploads\/2019\/06\/ENplus-przyklad.png\",\"contentUrl\":\"http:\/\/polskaradapelletu.org\/wp-content\/uploads\/2019\/06\/ENplus-przyklad.png\"},{\"@type\":\"BreadcrumbList\",\"@id\":\"http:\/\/polskaradapelletu.org\/dzialalnosc\/#breadcrumb\",\"itemListElement\":[{\"@type\":\"ListItem\",\"position\":1,\"name\":\"Strona g\u0142\u00f3wna\",\"item\":\"http:\/\/polskaradapelletu.org\/\"},{\"@type\":\"ListItem\",\"position\":2,\"name\":\"Zakres Dzia\u0142alno\u015bci\"}]},{\"@type\":\"WebSite\",\"@id\":\"http:\/\/polskaradapelletu.org\/#website\",\"url\":\"http:\/\/polskaradapelletu.org\/\",\"name\":\"(Polski) Polska Rada Pelletu\",\"description\":\"\",\"potentialAction\":[{\"@type\":\"SearchAction\",\"target\":{\"@type\":\"EntryPoint\",\"urlTemplate\":\"http:\/\/polskaradapelletu.org\/?s={search_term_string}\"},\"query-input\":{\"@type\":\"PropertyValueSpecification\",\"valueRequired\":true,\"valueName\":\"search_term_string\"}}],\"inLanguage\":\"ru-RU\"}]}<\/script>\n<!-- \/ Yoast SEO plugin. -->","yoast_head_json":{"title":"[:pl]Zakres Dzia\u0142alno\u015bci[:] - (Polski) Polska Rada Pelletu","robots":{"index":"index","follow":"follow","max-snippet":"max-snippet:-1","max-image-preview":"max-image-preview:large","max-video-preview":"max-video-preview:-1"},"canonical":"http:\/\/polskaradapelletu.org\/dzialalnosc\/","og_locale":"ru_RU","og_type":"article","og_title":"[:pl]Zakres Dzia\u0142alno\u015bci[:] - (Polski) Polska Rada Pelletu","og_description":"\u0418\u0437\u0432\u0438\u043d\u0438\u0442\u0435, \u044d\u0442\u043e\u0442 \u0442\u0435\u0445\u0442 \u0434\u043e\u0441\u0442\u0443\u043f\u0435\u043d \u0442\u043e\u043b\u044c\u043a\u043e \u0432 &ldquo;Polski&rdquo;.","og_url":"http:\/\/polskaradapelletu.org\/dzialalnosc\/","og_site_name":"(Polski) Polska Rada Pelletu","article_modified_time":"2025-03-03T14:03:18+00:00","og_image":[{"url":"http:\/\/polskaradapelletu.org\/wp-content\/uploads\/2019\/06\/ENplus-przyklad.png","type":"","width":"","height":""}],"twitter_card":"summary_large_image","twitter_misc":{"\u041f\u0440\u0438\u043c\u0435\u0440\u043d\u043e\u0435 \u0432\u0440\u0435\u043c\u044f \u0434\u043b\u044f \u0447\u0442\u0435\u043d\u0438\u044f":"7 \u043c\u0438\u043d\u0443\u0442"},"schema":{"@context":"https:\/\/schema.org","@graph":[{"@type":"WebPage","@id":"http:\/\/polskaradapelletu.org\/dzialalnosc\/","url":"http:\/\/polskaradapelletu.org\/dzialalnosc\/","name":"[:pl]Zakres Dzia\u0142alno\u015bci[:] - (Polski) Polska Rada Pelletu","isPartOf":{"@id":"http:\/\/polskaradapelletu.org\/#website"},"primaryImageOfPage":{"@id":"http:\/\/polskaradapelletu.org\/dzialalnosc\/#primaryimage"},"image":{"@id":"http:\/\/polskaradapelletu.org\/dzialalnosc\/#primaryimage"},"thumbnailUrl":"http:\/\/polskaradapelletu.org\/wp-content\/uploads\/2019\/06\/ENplus-przyklad.png","datePublished":"2019-05-19T22:45:11+00:00","dateModified":"2025-03-03T14:03:18+00:00","breadcrumb":{"@id":"http:\/\/polskaradapelletu.org\/dzialalnosc\/#breadcrumb"},"inLanguage":"ru-RU","potentialAction":[{"@type":"ReadAction","target":["http:\/\/polskaradapelletu.org\/dzialalnosc\/"]}]},{"@type":"ImageObject","inLanguage":"ru-RU","@id":"http:\/\/polskaradapelletu.org\/dzialalnosc\/#primaryimage","url":"http:\/\/polskaradapelletu.org\/wp-content\/uploads\/2019\/06\/ENplus-przyklad.png","contentUrl":"http:\/\/polskaradapelletu.org\/wp-content\/uploads\/2019\/06\/ENplus-przyklad.png"},{"@type":"BreadcrumbList","@id":"http:\/\/polskaradapelletu.org\/dzialalnosc\/#breadcrumb","itemListElement":[{"@type":"ListItem","position":1,"name":"Strona g\u0142\u00f3wna","item":"http:\/\/polskaradapelletu.org\/"},{"@type":"ListItem","position":2,"name":"Zakres Dzia\u0142alno\u015bci"}]},{"@type":"WebSite","@id":"http:\/\/polskaradapelletu.org\/#website","url":"http:\/\/polskaradapelletu.org\/","name":"(Polski) Polska Rada Pelletu","description":"","potentialAction":[{"@type":"SearchAction","target":{"@type":"EntryPoint","urlTemplate":"http:\/\/polskaradapelletu.org\/?s={search_term_string}"},"query-input":{"@type":"PropertyValueSpecification","valueRequired":true,"valueName":"search_term_string"}}],"inLanguage":"ru-RU"}]}},"_links":{"self":[{"href":"http:\/\/polskaradapelletu.org\/ru\/wp-json\/wp\/v2\/pages\/1262","targetHints":{"allow":["GET"]}}],"collection":[{"href":"http:\/\/polskaradapelletu.org\/ru\/wp-json\/wp\/v2\/pages"}],"about":[{"href":"http:\/\/polskaradapelletu.org\/ru\/wp-json\/wp\/v2\/types\/page"}],"author":[{"embeddable":true,"href":"http:\/\/polskaradapelletu.org\/ru\/wp-json\/wp\/v2\/users\/1"}],"replies":[{"embeddable":true,"href":"http:\/\/polskaradapelletu.org\/ru\/wp-json\/wp\/v2\/comments?post=1262"}],"version-history":[{"count":45,"href":"http:\/\/polskaradapelletu.org\/ru\/wp-json\/wp\/v2\/pages\/1262\/revisions"}],"predecessor-version":[{"id":3737,"href":"http:\/\/polskaradapelletu.org\/ru\/wp-json\/wp\/v2\/pages\/1262\/revisions\/3737"}],"wp:attachment":[{"href":"http:\/\/polskaradapelletu.org\/ru\/wp-json\/wp\/v2\/media?parent=1262"}],"curies":[{"name":"wp","href":"https:\/\/api.w.org\/{rel}","templated":true}]}}