{"id":1645,"date":"2019-08-05T10:21:55","date_gmt":"2019-08-05T08:21:55","guid":{"rendered":"http:\/\/polskaradapelletu.org\/?page_id=1645"},"modified":"2025-03-05T14:45:24","modified_gmt":"2025-03-05T13:45:24","slug":"dinplus-2","status":"publish","type":"page","link":"http:\/\/polskaradapelletu.org\/en\/dzialalnosc\/dinplus-2\/","title":{"rendered":"(Polski) DINplus"},"content":{"rendered":"<\/div><\/div><\/div><!-- close content main div --><\/div><\/div><div id='full_slider_2' class='avia-fullwidth-slider main_color avia-shadow   slider-not-first container_wrap fullsize' style=' '  ><div  data-size='featured'  data-lightbox_size='large'  data-animation='slide'  data-conditional_play=''  data-ids='1294'  data-video_counter='0'  data-autoplay='false'  data-bg_slider='false'  data-slide_height=''  data-handle='av_slideshow_full'  data-interval='5'  data-class=' '  data-css_id=''  data-scroll_down=''  data-control_layout='av-control-default'  data-custom_markup=''  data-perma_caption=''  data-autoplay_stopper=''  data-image_attachment=''  data-min_height='0px'  data-src=''  data-position='top left'  data-repeat='no-repeat'  data-attach='scroll'  data-stretch=''  data-default-height='28.666666666667'  class='avia-slideshow avia-slideshow-2  av-control-default av-default-height-applied avia-slideshow-featured av_slideshow_full   avia-slide-slider '  itemprop=\"image\" itemscope=\"itemscope\" itemtype=\"https:\/\/schema.org\/ImageObject\" ><ul class='avia-slideshow-inner ' style='padding-bottom: 28.666666666667%;' ><li  class=' av-single-slide slide-1 ' ><div data-rel='slideshow-2' class='avia-slide-wrap '   ><div class = \"caption_fullwidth av-slideshow-caption caption_bottom\"><div class = \"container caption_container\"><div class = \"slideshow_caption\"><div class = \"slideshow_inner_caption\"><div class = \"slideshow_align_caption\"><h2  class='avia-caption-title  '  itemprop=\"name\" >Fa\u0142szerstwo DINplus<\/h2><\/div><\/div><\/div><\/div><\/div><img src='http:\/\/polskaradapelletu.org\/wp-content\/uploads\/2019\/05\/plt-1500x430.jpg' width='1500' height='430' title='plt' alt=''  itemprop=\"thumbnailUrl\"   \/><\/div><\/li><\/ul><\/div><\/div>\n<\/div><\/div><\/div><!-- close content main div --><\/div><\/div><div id='av_section_2' class='avia-section main_color avia-section-default avia-no-border-styling avia-bg-style-scroll   container_wrap fullsize' style=' '  ><div class='container' ><div class='template-page content  av-content-full alpha units'><div class='post-entry post-entry-type-page post-entry-1645'><div class='entry-content-wrapper clearfix'>\n<section class=\"av_textblock_section \"  itemscope=\"itemscope\" itemtype=\"https:\/\/schema.org\/CreativeWork\" ><div class='avia_textblock  '   itemprop=\"text\" ><p>Co musimy wiedzie\u0107 o sprzedawcach pelletu drzewnego z certyfikatem DIN<em>plus<\/em>? Sprzedawcy paliw i dostawcy pelletu drzewnego cz\u0119sto wprowadzaj\u0105 produkty na rynek pod w\u0142asn\u0105 nazw\u0105, bez odwo\u0142ywania si\u0119 do oryginalnych producent\u00f3w pelletu. Nie ma w\u0105tpliwo\u015bci, i\u017c ten produkt mo\u017ce r\u00f3wnie\u017c otrzyma\u0107 znak DIN<em>plus<\/em>, jednak musz\u0105 zosta\u0107 spe\u0142nione okre\u015blone warunki. Wszyscy dostawcy pelletu DIN<em>plus<\/em>, kt\u00f3rzy nie s\u0105 oryginalnymi producentami, musz\u0105 posiada\u0107 wa\u017cny certyfikat zezwalaj\u0105cy na u\u017cywanie chronionego znaku jako\u015bci DIN<em>plus<\/em>. Taki certyfikat jest wydawany w formie \u201esub-certyfikatu\u201d kt\u00f3ry jest wydawany r\u00f3wnie\u017c przez firm\u0119 DIN CERTCO. Znak DIN<em>plus<\/em> mo\u017ce by\u0107 u\u017cywany tylko w oryginalnej formie, zezwala si\u0119 tylko na modyfikacje proporcjonaln\u0105 co do wielko\u015bci.<\/p>\n<p><strong>Kompletna piecz\u0119\u0107 DIN<em>plus<\/em> zawsze b\u0119dzie zawiera\u0107 zar\u00f3wno logo DIN<em>plus<\/em> jak i numer identyfikacyjny certyfikowanej firmy, przyk\u0142ad poni\u017cej:<\/strong><\/p>\n<p><a href=\"http:\/\/polskaradapelletu.org\/dzialalnosc\/dinplus-przyklad\/\" rel=\"attachment wp-att-1470\"><img loading=\"lazy\" decoding=\"async\" class=\"size-full wp-image-1470 alignnone\" src=\"http:\/\/polskaradapelletu.org\/wp-content\/uploads\/2019\/06\/DINplus-Przyklad.png\" alt=\"\" width=\"190\" height=\"120\" \/><\/a><\/p>\n<p>Niestety czasami mo\u017cna spotka\u0107 przypadki, w kt\u00f3rych znak DIN<em>plus<\/em> zosta\u0142 niew\u0142a\u015bciwie wykorzystany. Nielegalne u\u017cywanie znaku mo\u017ce przybiera\u0107 r\u00f3\u017cne formy:<\/p>\n<ul>\n<li>Producent lub sprzedawca u\u017cywa znaku DIN<em>plus<\/em> bez posiadania wa\u017cnego certyfikatu,<\/li>\n<li>Certyfikat wygas\u0142 i zosta\u0142 anulowany przez DIN CERTCO. W zwi\u0105zku z tym prawo do u\u017cywania znaku DIN<em>plus<\/em> wygasa automatycznie,<\/li>\n<li>Wprowadzono zmiany w produkcie bez poinformowania DIN CERTCO,<\/li>\n<li>Znak DIN<em>plus<\/em> jest umieszczony obok innych produkt\u00f3w (np. W broszurach\/og\u0142oszeniach), kt\u00f3re nie s\u0105 certyfikowane lub s\u0105 u\u017cywane bez podanego numeru rejestracyjnego.<\/li>\n<\/ul>\n<p>Polska Rada Peletu wraz z DIN CERTCO \u015bledzi ka\u017cde nadu\u017cycie znaku towarowego. Mo\u017cesz pom\u00f3c nam w zwalczaniu oszustw, sprawdzaj\u0105c list\u0119 certyfikowanych producent\u00f3w i handlowc\u00f3w DIN<em>plus<\/em> na stronie internetowej: <u>https:\/\/www.dincertco.tuv.com\/?locale=en<\/u><\/p>\n<p>Firmy jakie dopu\u015bci\u0142y si\u0119 oszustw mo\u017cesz zidentyfikowa\u0107 na Czarnej Li\u015bcie znajduj\u0105cej si\u0119 na stronie internetowej:<u>https:\/\/www.dincertco.de\/media\/dincertco\/dokumente_1\/verzeichnisse\/Schwarze_Liste_Blacklist_2019-02-14.pdf<\/u><\/p>\n<p>Je\u015bli podejrzewasz przypadek oszustwa, mo\u017cesz skorzysta\u0107 z naszego internetowego przewodnika na temat wykrywania oszustw i u\u017cy\u0107 formularza znajduj\u0105cego si\u0119 na <u>https:\/\/www.dincertco.de\/en\/dincertco\/zertifikate_registrierungen\/zeichenmissbraeuche\/zeichenmissbraeuche.html<\/u> do oznaczenia go. Pami\u0119taj, i\u017c im wi\u0119cej zbierzemy informacji i dokumentacji odno\u015bnie danego przypadku, tym szybciej uda nam si\u0119 zatrzyma\u0107 dany proceder.<\/p>\n<p>Pocz\u0105wszy m.in. od pelletu w workach do umowy na dostaw\u0119 poprzez dowolny \u015brodek komunikacyjny, u\u017cywanie oficjalnej piecz\u0119ci DIN<em>plus<\/em> musi zawsze by\u0107 zgodne z tymi samymi zasadami. W razie w\u0105tpliwo\u015bci przygotowali\u015bmy kr\u00f3tki przewodnik, kt\u00f3ry pomo\u017ce Ci zidentyfikowa\u0107 potencjalne przypadki oszustwa.<\/p>\n<\/div><\/section>\n<div class='avia-image-container  av-styling-    avia-align-center '  itemprop=\"image\" itemscope=\"itemscope\" itemtype=\"https:\/\/schema.org\/ImageObject\"  ><div class='avia-image-container-inner'><div class='avia-image-overlay-wrap'><img class='avia_image' src='http:\/\/polskaradapelletu.org\/wp-content\/uploads\/2019\/08\/schomat_dinplus.jpg' alt='' title='schomat_dinplus' height=\"668\" width=\"605\"  itemprop=\"thumbnailUrl\"  \/><\/div><\/div><\/div>","protected":false},"excerpt":{"rendered":"","protected":false},"author":1,"featured_media":0,"parent":1262,"menu_order":0,"comment_status":"closed","ping_status":"closed","template":"","meta":{"_acf_changed":false,"_exactmetrics_skip_tracking":false,"_exactmetrics_sitenote_active":false,"_exactmetrics_sitenote_note":"","_exactmetrics_sitenote_category":0,"footnotes":""},"class_list":["post-1645","page","type-page","status-publish","hentry"],"acf":[],"yoast_head":"<!-- This site is optimized with the Yoast SEO plugin v24.3 - https:\/\/yoast.com\/wordpress\/plugins\/seo\/ -->\n<title><\/title>\n<meta name=\"robots\" content=\"index, follow, max-snippet:-1, max-image-preview:large, max-video-preview:-1\" \/>\n<link rel=\"canonical\" href=\"http:\/\/polskaradapelletu.org\/dzialalnosc\/dinplus-2\/\" \/>\n<meta property=\"og:locale\" content=\"en_US\" \/>\n<meta property=\"og:type\" content=\"article\" \/>\n<meta property=\"og:title\" content=\"[:pl]DINplus[:] - Polish Pellet Council\" \/>\n<meta property=\"og:url\" content=\"http:\/\/polskaradapelletu.org\/dzialalnosc\/dinplus-2\/\" \/>\n<meta property=\"og:site_name\" content=\"Polish Pellet Council\" \/>\n<meta property=\"article:modified_time\" content=\"2025-03-05T13:45:24+00:00\" \/>\n<meta property=\"og:image\" content=\"http:\/\/polskaradapelletu.org\/wp-content\/uploads\/2019\/06\/DINplus-Przyklad.png\" \/>\n<meta name=\"twitter:card\" content=\"summary_large_image\" \/>\n<meta name=\"twitter:label1\" content=\"Est. reading time\" \/>\n\t<meta name=\"twitter:data1\" content=\"3 minutes\" \/>\n<script type=\"application\/ld+json\" class=\"yoast-schema-graph\">{\"@context\":\"https:\/\/schema.org\",\"@graph\":[{\"@type\":\"WebPage\",\"@id\":\"http:\/\/polskaradapelletu.org\/dzialalnosc\/dinplus-2\/\",\"url\":\"http:\/\/polskaradapelletu.org\/dzialalnosc\/dinplus-2\/\",\"name\":\"[:pl]DINplus[:] - Polish Pellet Council\",\"isPartOf\":{\"@id\":\"http:\/\/polskaradapelletu.org\/#website\"},\"primaryImageOfPage\":{\"@id\":\"http:\/\/polskaradapelletu.org\/dzialalnosc\/dinplus-2\/#primaryimage\"},\"image\":{\"@id\":\"http:\/\/polskaradapelletu.org\/dzialalnosc\/dinplus-2\/#primaryimage\"},\"thumbnailUrl\":\"http:\/\/polskaradapelletu.org\/wp-content\/uploads\/2019\/06\/DINplus-Przyklad.png\",\"datePublished\":\"2019-08-05T08:21:55+00:00\",\"dateModified\":\"2025-03-05T13:45:24+00:00\",\"breadcrumb\":{\"@id\":\"http:\/\/polskaradapelletu.org\/dzialalnosc\/dinplus-2\/#breadcrumb\"},\"inLanguage\":\"en-US\",\"potentialAction\":[{\"@type\":\"ReadAction\",\"target\":[\"http:\/\/polskaradapelletu.org\/dzialalnosc\/dinplus-2\/\"]}]},{\"@type\":\"ImageObject\",\"inLanguage\":\"en-US\",\"@id\":\"http:\/\/polskaradapelletu.org\/dzialalnosc\/dinplus-2\/#primaryimage\",\"url\":\"http:\/\/polskaradapelletu.org\/wp-content\/uploads\/2019\/06\/DINplus-Przyklad.png\",\"contentUrl\":\"http:\/\/polskaradapelletu.org\/wp-content\/uploads\/2019\/06\/DINplus-Przyklad.png\"},{\"@type\":\"BreadcrumbList\",\"@id\":\"http:\/\/polskaradapelletu.org\/dzialalnosc\/dinplus-2\/#breadcrumb\",\"itemListElement\":[{\"@type\":\"ListItem\",\"position\":1,\"name\":\"Strona g\u0142\u00f3wna\",\"item\":\"http:\/\/polskaradapelletu.org\/\"},{\"@type\":\"ListItem\",\"position\":2,\"name\":\"Zakres Dzia\u0142alno\u015bci\",\"item\":\"http:\/\/polskaradapelletu.org\/dzialalnosc\/\"},{\"@type\":\"ListItem\",\"position\":3,\"name\":\"DINplus\"}]},{\"@type\":\"WebSite\",\"@id\":\"http:\/\/polskaradapelletu.org\/#website\",\"url\":\"http:\/\/polskaradapelletu.org\/\",\"name\":\"Polish Pellet Council\",\"description\":\"\",\"potentialAction\":[{\"@type\":\"SearchAction\",\"target\":{\"@type\":\"EntryPoint\",\"urlTemplate\":\"http:\/\/polskaradapelletu.org\/?s={search_term_string}\"},\"query-input\":{\"@type\":\"PropertyValueSpecification\",\"valueRequired\":true,\"valueName\":\"search_term_string\"}}],\"inLanguage\":\"en-US\"}]}<\/script>\n<!-- \/ Yoast SEO plugin. -->","yoast_head_json":{"title":"[:pl]DINplus[:] - Polish Pellet Council","robots":{"index":"index","follow":"follow","max-snippet":"max-snippet:-1","max-image-preview":"max-image-preview:large","max-video-preview":"max-video-preview:-1"},"canonical":"http:\/\/polskaradapelletu.org\/dzialalnosc\/dinplus-2\/","og_locale":"en_US","og_type":"article","og_title":"[:pl]DINplus[:] - Polish Pellet Council","og_url":"http:\/\/polskaradapelletu.org\/dzialalnosc\/dinplus-2\/","og_site_name":"Polish Pellet Council","article_modified_time":"2025-03-05T13:45:24+00:00","og_image":[{"url":"http:\/\/polskaradapelletu.org\/wp-content\/uploads\/2019\/06\/DINplus-Przyklad.png","type":"","width":"","height":""}],"twitter_card":"summary_large_image","twitter_misc":{"Est. reading time":"3 minutes"},"schema":{"@context":"https:\/\/schema.org","@graph":[{"@type":"WebPage","@id":"http:\/\/polskaradapelletu.org\/dzialalnosc\/dinplus-2\/","url":"http:\/\/polskaradapelletu.org\/dzialalnosc\/dinplus-2\/","name":"[:pl]DINplus[:] - Polish Pellet Council","isPartOf":{"@id":"http:\/\/polskaradapelletu.org\/#website"},"primaryImageOfPage":{"@id":"http:\/\/polskaradapelletu.org\/dzialalnosc\/dinplus-2\/#primaryimage"},"image":{"@id":"http:\/\/polskaradapelletu.org\/dzialalnosc\/dinplus-2\/#primaryimage"},"thumbnailUrl":"http:\/\/polskaradapelletu.org\/wp-content\/uploads\/2019\/06\/DINplus-Przyklad.png","datePublished":"2019-08-05T08:21:55+00:00","dateModified":"2025-03-05T13:45:24+00:00","breadcrumb":{"@id":"http:\/\/polskaradapelletu.org\/dzialalnosc\/dinplus-2\/#breadcrumb"},"inLanguage":"en-US","potentialAction":[{"@type":"ReadAction","target":["http:\/\/polskaradapelletu.org\/dzialalnosc\/dinplus-2\/"]}]},{"@type":"ImageObject","inLanguage":"en-US","@id":"http:\/\/polskaradapelletu.org\/dzialalnosc\/dinplus-2\/#primaryimage","url":"http:\/\/polskaradapelletu.org\/wp-content\/uploads\/2019\/06\/DINplus-Przyklad.png","contentUrl":"http:\/\/polskaradapelletu.org\/wp-content\/uploads\/2019\/06\/DINplus-Przyklad.png"},{"@type":"BreadcrumbList","@id":"http:\/\/polskaradapelletu.org\/dzialalnosc\/dinplus-2\/#breadcrumb","itemListElement":[{"@type":"ListItem","position":1,"name":"Strona g\u0142\u00f3wna","item":"http:\/\/polskaradapelletu.org\/"},{"@type":"ListItem","position":2,"name":"Zakres Dzia\u0142alno\u015bci","item":"http:\/\/polskaradapelletu.org\/dzialalnosc\/"},{"@type":"ListItem","position":3,"name":"DINplus"}]},{"@type":"WebSite","@id":"http:\/\/polskaradapelletu.org\/#website","url":"http:\/\/polskaradapelletu.org\/","name":"Polish Pellet Council","description":"","potentialAction":[{"@type":"SearchAction","target":{"@type":"EntryPoint","urlTemplate":"http:\/\/polskaradapelletu.org\/?s={search_term_string}"},"query-input":{"@type":"PropertyValueSpecification","valueRequired":true,"valueName":"search_term_string"}}],"inLanguage":"en-US"}]}},"_links":{"self":[{"href":"http:\/\/polskaradapelletu.org\/en\/wp-json\/wp\/v2\/pages\/1645","targetHints":{"allow":["GET"]}}],"collection":[{"href":"http:\/\/polskaradapelletu.org\/en\/wp-json\/wp\/v2\/pages"}],"about":[{"href":"http:\/\/polskaradapelletu.org\/en\/wp-json\/wp\/v2\/types\/page"}],"author":[{"embeddable":true,"href":"http:\/\/polskaradapelletu.org\/en\/wp-json\/wp\/v2\/users\/1"}],"replies":[{"embeddable":true,"href":"http:\/\/polskaradapelletu.org\/en\/wp-json\/wp\/v2\/comments?post=1645"}],"version-history":[{"count":18,"href":"http:\/\/polskaradapelletu.org\/en\/wp-json\/wp\/v2\/pages\/1645\/revisions"}],"predecessor-version":[{"id":3753,"href":"http:\/\/polskaradapelletu.org\/en\/wp-json\/wp\/v2\/pages\/1645\/revisions\/3753"}],"up":[{"embeddable":true,"href":"http:\/\/polskaradapelletu.org\/en\/wp-json\/wp\/v2\/pages\/1262"}],"wp:attachment":[{"href":"http:\/\/polskaradapelletu.org\/en\/wp-json\/wp\/v2\/media?parent=1645"}],"curies":[{"name":"wp","href":"https:\/\/api.w.org\/{rel}","templated":true}]}}