{"id":1250,"date":"2019-05-20T00:15:22","date_gmt":"2019-05-19T22:15:22","guid":{"rendered":"http:\/\/polskaradapelletu.org\/?page_id=1250"},"modified":"2019-06-12T10:30:14","modified_gmt":"2019-06-12T08:30:14","slug":"zasady-stosowania-logo","status":"publish","type":"page","link":"http:\/\/polskaradapelletu.org\/en\/zasady-stosowania-logo\/","title":{"rendered":"(Polski) Zasady stosowania logo"},"content":{"rendered":"<div id='full_slider_1' class='avia-fullwidth-slider main_color avia-shadow   avia-builder-el-0  el_before_av_section  avia-builder-el-first  container_wrap fullsize' style=' '  ><div  data-size='featured'  data-lightbox_size='large'  data-animation='slide'  data-conditional_play=''  data-ids='1284'  data-video_counter='0'  data-autoplay='false'  data-bg_slider='false'  data-slide_height=''  data-handle='av_slideshow_full'  data-interval='5'  data-class=' '  data-css_id=''  data-scroll_down=''  data-control_layout='av-control-hidden'  data-custom_markup=''  data-perma_caption='aviaTBperma_caption'  data-autoplay_stopper=''  data-image_attachment=''  data-min_height='0px'  data-src=''  data-position='top left'  data-repeat='no-repeat'  data-attach='scroll'  data-stretch=''  data-default-height='28.666666666667'  class='avia-slideshow avia-slideshow-1  av-control-hidden av-default-height-applied avia-slideshow-featured av_slideshow_full   avia-slide-slider '  itemprop=\"image\" itemscope=\"itemscope\" itemtype=\"https:\/\/schema.org\/ImageObject\" ><ul class='avia-slideshow-inner ' style='padding-bottom: 28.666666666667%;' ><li  class=' av-single-slide slide-1 ' ><div data-rel='slideshow-1' class='avia-slide-wrap '   ><img src='http:\/\/polskaradapelletu.org\/wp-content\/uploads\/2019\/05\/nature-sky-twilight-grass-9198_wynik-e1505857526395-1500x430.jpg' width='1500' height='430' title='nature-sky-twilight-grass-9198_wynik-e1505857526395' alt=''  itemprop=\"thumbnailUrl\"   \/><\/div><\/li><\/ul><div class = \"caption_fullwidth av-slideshow-caption caption_bottom\"><div class = \"container caption_container\"><div class = \"slideshow_caption\"><div class = \"slideshow_inner_caption\"><div class = \"slideshow_align_caption\"><h2  class='avia-caption-title  '  itemprop=\"name\" >Zasady stosowania logo<\/h2><\/div><\/div><\/div><\/div><\/div><\/div><\/div>\n<div id='av_section_1' class='avia-section main_color avia-section-default avia-no-border-styling avia-bg-style-scroll  avia-builder-el-1  el_after_av_slideshow_full  avia-builder-el-last   container_wrap fullsize' style=' '  ><div class='container' ><div class='template-page content  av-content-full alpha units'><div class='post-entry post-entry-type-page post-entry-1250'><div class='entry-content-wrapper clearfix'>\n<div style='padding-bottom:10px; ' class='av-special-heading av-special-heading-h3  blockquote modern-quote  avia-builder-el-2  el_before_av_textblock  avia-builder-el-first   '><h3 class='av-special-heading-tag '  itemprop=\"headline\"  >Zasady stosowania znak\u00f3w Polskiej Rady Pelletu<\/h3><div class='special-heading-border'><div class='special-heading-inner-border' ><\/div><\/div><\/div>\n<section class=\"av_textblock_section \"  itemscope=\"itemscope\" itemtype=\"https:\/\/schema.org\/CreativeWork\" ><div class='avia_textblock  '   itemprop=\"text\" ><p>Cz\u0142onkom Stowarzyszenia Polska Rada Pelletu przys\u0142uguje prawo do pos\u0142ugiwania si\u0119 logotypem PRP we wszelkiego rodzaju materia\u0142ach<br \/>\ninformacyjnych, ulotkach, folderach, reklamach, stronach internetowych. W celu ujednolicenia komunikatu proponujemy u\u017cywa\u0107 sformu\u0142owania:<\/p>\n<p>\u201eCz\u0142onek Za\u0142o\u017cyciel Polskiej Rady Pelletu\u201d + logotyp zastosowany zgodnie z Ksi\u0119g\u0105 Znaku.<br \/>\nlub<br \/>\n\u201eCz\u0142onek Wspieraj\u0105cy Polskiej Rady Pelletu\u201d + logotyp zastosowany zgodnie z Ksi\u0119g\u0105 Znaku.<br \/>\nProsimy przestrzega\u0107 3 najwa\u017cniejszych zasad:<\/p>\n<p>1. nie zmienia\u0107 w jakikolwiek spos\u00f3b nasze logo;<br \/>\n2. nie umieszcza\u0107 nasze logo w takiej blisko\u015bci do innych tre\u015bci, \u017ce staje si\u0119 nie do odr\u00f3\u017cnienia;<br \/>\n3. nie u\u017cywa\u0107 naszego logo w spos\u00f3b, kt\u00f3ry nie zosta\u0142 okre\u015blony w przedstawionych zasadach jego stosowania.<\/p>\n<p>Logotyp mo\u017ce by\u0107 u\u017cywany WY\u0141\u0104CZNIE W CELU UWIDOCZNIENIA PA\u0143STWA FIRMY JAKO CZ\u0141ONKA STOWARZYSZENIA POLSKIEJ RADY<br \/>\nPELLETU, nie mo\u017ce natomiast by\u0107 u\u017cywany na produktach, a tym bardziej na opakowaniach i etykietach handlowych produkt\u00f3w, tak aby nie<br \/>\nwprowadza\u0107 w b\u0142\u0105d Klient\u00f3w, \u017ce dany produkt jest wyprodukowany pod nadzorem lub przy wsp\u00f3\u0142udziale Stowarzyszenia Polskiej Rady Pelletu. Na<br \/>\nopakowaniach jednostkowych lub etykietach produkt\u00f3w dopuszcza si\u0119 jedynie umieszczenie informacji przy danych danych podmiotu o jego<br \/>\ncz\u0142onkowskie w stowarzyszeniu, w\u00f3wczas mo\u017cna zastosowa\u0107 sformu\u0142owanie:<\/p>\n<p>\u201eCz\u0142onek Za\u0142o\u017cyciel Polskiej Rady Pelletu\u201d + logotyp Polskiej Rady Pelletu zastosowany zgodnie z Ksi\u0119g\u0105 Znaku<br \/>\nlub<br \/>\n\u201eFirma jest cz\u0142onkiem za\u0142o\u017cycielem Polskiej Rady Pelletu\u201d + logotyp Polskiej Rady Pelletu zastosowany zgodnie z Ksi\u0119g\u0105 Znaku.<br \/>\nlub<br \/>\n\u201eCz\u0142onek Wspieraj\u0105cy Polskiej Rady Pelletu\u201d + logotyp Polskiej Rady Pelletu zastosowany zgodnie z Ksi\u0119g\u0105 Znaku<br \/>\nlub<br \/>\n\u201eFirma jest cz\u0142onkiem wspieraj\u0105cym Polskiej Rady Pelletu\u201d + logotyp Polskiej Rady Pelletu zastosowany zgodnie z Ksi\u0119g\u0105 Znaku.<br \/>\nProsz\u0119 nie:<br \/>\n\u00a7 zmienia\u0107 w jakikolwiek spos\u00f3b nasze logo;<br \/>\n\u00a7 umieszcza\u0107 nasze logo w takiej blisko\u015bci do innych tre\u015bci, \u017ce staje si\u0119 nie do odr\u00f3\u017cnienia;<br \/>\n\u00a7 u\u017cywa\u0107 w szczeg\u00f3lno\u015bci go wykorzystywa\u0107 (np. W kontek\u015bcie, kt\u00f3ry nie zosta\u0142 zaakceptowany).<\/p>\n<\/div><\/section>\n<article class=\"iconbox iconbox_top main_color    avia-builder-el-4  el_after_av_textblock  avia-builder-el-last  \"  itemscope=\"itemscope\" itemtype=\"https:\/\/schema.org\/CreativeWork\" ><div class=\"iconbox_content\"><header class=\"entry-content-header\"><div class=\"iconbox_icon heading-color \" aria-hidden='true' data-av_icon='\ue83e' data-av_iconfont='entypo-fontello'  ><\/div><h3 class='iconbox_content_title  '  itemprop=\"headline\"  ><a href='http:\/\/polskaradapelletu.org\/download\/459\/' title='Regulamin stosowania znaku'  target=\"_blank\"  >Regulamin stosowania znaku<\/a><\/h3><\/header><div class='iconbox_content_container  '  itemprop=\"text\"  ><\/div><\/div><footer class=\"entry-footer\"><\/footer><\/article>\n\n","protected":false},"excerpt":{"rendered":"","protected":false},"author":1,"featured_media":0,"parent":0,"menu_order":0,"comment_status":"closed","ping_status":"closed","template":"","meta":{"_acf_changed":false,"_exactmetrics_skip_tracking":false,"_exactmetrics_sitenote_active":false,"_exactmetrics_sitenote_note":"","_exactmetrics_sitenote_category":0,"footnotes":""},"class_list":["post-1250","page","type-page","status-publish","hentry"],"acf":[],"yoast_head":"<!-- This site is optimized with the Yoast SEO plugin v24.3 - https:\/\/yoast.com\/wordpress\/plugins\/seo\/ -->\n<title><\/title>\n<meta name=\"robots\" content=\"index, follow, max-snippet:-1, max-image-preview:large, max-video-preview:-1\" \/>\n<link rel=\"canonical\" href=\"http:\/\/polskaradapelletu.org\/en\/zasady-stosowania-logo\/\" \/>\n<meta property=\"og:locale\" content=\"en_US\" \/>\n<meta property=\"og:type\" content=\"article\" \/>\n<meta property=\"og:title\" content=\"[:pl]Zasady stosowania logo[:] - Polish Pellet Council\" \/>\n<meta property=\"og:url\" content=\"http:\/\/polskaradapelletu.org\/en\/zasady-stosowania-logo\/\" \/>\n<meta property=\"og:site_name\" content=\"Polish Pellet Council\" \/>\n<meta property=\"article:modified_time\" content=\"2019-06-12T08:30:14+00:00\" \/>\n<meta name=\"twitter:card\" content=\"summary_large_image\" \/>\n<meta name=\"twitter:label1\" content=\"Est. reading time\" \/>\n\t<meta name=\"twitter:data1\" content=\"4 minutes\" \/>\n<script type=\"application\/ld+json\" class=\"yoast-schema-graph\">{\"@context\":\"https:\/\/schema.org\",\"@graph\":[{\"@type\":\"WebPage\",\"@id\":\"http:\/\/polskaradapelletu.org\/en\/zasady-stosowania-logo\/\",\"url\":\"http:\/\/polskaradapelletu.org\/en\/zasady-stosowania-logo\/\",\"name\":\"[:pl]Zasady stosowania logo[:] - Polish Pellet Council\",\"isPartOf\":{\"@id\":\"https:\/\/polskaradapelletu.org\/#website\"},\"datePublished\":\"2019-05-19T22:15:22+00:00\",\"dateModified\":\"2019-06-12T08:30:14+00:00\",\"breadcrumb\":{\"@id\":\"http:\/\/polskaradapelletu.org\/en\/zasady-stosowania-logo\/#breadcrumb\"},\"inLanguage\":\"en-US\",\"potentialAction\":[{\"@type\":\"ReadAction\",\"target\":[\"http:\/\/polskaradapelletu.org\/en\/zasady-stosowania-logo\/\"]}]},{\"@type\":\"BreadcrumbList\",\"@id\":\"http:\/\/polskaradapelletu.org\/en\/zasady-stosowania-logo\/#breadcrumb\",\"itemListElement\":[{\"@type\":\"ListItem\",\"position\":1,\"name\":\"Strona g\u0142\u00f3wna\",\"item\":\"https:\/\/polskaradapelletu.org\/\"},{\"@type\":\"ListItem\",\"position\":2,\"name\":\"(Polski) Zasady stosowania logo\"}]},{\"@type\":\"WebSite\",\"@id\":\"https:\/\/polskaradapelletu.org\/#website\",\"url\":\"https:\/\/polskaradapelletu.org\/\",\"name\":\"Polish Pellet Council\",\"description\":\"\",\"potentialAction\":[{\"@type\":\"SearchAction\",\"target\":{\"@type\":\"EntryPoint\",\"urlTemplate\":\"https:\/\/polskaradapelletu.org\/?s={search_term_string}\"},\"query-input\":{\"@type\":\"PropertyValueSpecification\",\"valueRequired\":true,\"valueName\":\"search_term_string\"}}],\"inLanguage\":\"en-US\"}]}<\/script>\n<!-- \/ Yoast SEO plugin. -->","yoast_head_json":{"title":"[:pl]Zasady stosowania logo[:] - Polish Pellet Council","robots":{"index":"index","follow":"follow","max-snippet":"max-snippet:-1","max-image-preview":"max-image-preview:large","max-video-preview":"max-video-preview:-1"},"canonical":"http:\/\/polskaradapelletu.org\/en\/zasady-stosowania-logo\/","og_locale":"en_US","og_type":"article","og_title":"[:pl]Zasady stosowania logo[:] - Polish Pellet Council","og_url":"http:\/\/polskaradapelletu.org\/en\/zasady-stosowania-logo\/","og_site_name":"Polish Pellet Council","article_modified_time":"2019-06-12T08:30:14+00:00","twitter_card":"summary_large_image","twitter_misc":{"Est. reading time":"4 minutes"},"schema":{"@context":"https:\/\/schema.org","@graph":[{"@type":"WebPage","@id":"http:\/\/polskaradapelletu.org\/en\/zasady-stosowania-logo\/","url":"http:\/\/polskaradapelletu.org\/en\/zasady-stosowania-logo\/","name":"[:pl]Zasady stosowania logo[:] - Polish Pellet Council","isPartOf":{"@id":"https:\/\/polskaradapelletu.org\/#website"},"datePublished":"2019-05-19T22:15:22+00:00","dateModified":"2019-06-12T08:30:14+00:00","breadcrumb":{"@id":"http:\/\/polskaradapelletu.org\/en\/zasady-stosowania-logo\/#breadcrumb"},"inLanguage":"en-US","potentialAction":[{"@type":"ReadAction","target":["http:\/\/polskaradapelletu.org\/en\/zasady-stosowania-logo\/"]}]},{"@type":"BreadcrumbList","@id":"http:\/\/polskaradapelletu.org\/en\/zasady-stosowania-logo\/#breadcrumb","itemListElement":[{"@type":"ListItem","position":1,"name":"Strona g\u0142\u00f3wna","item":"https:\/\/polskaradapelletu.org\/"},{"@type":"ListItem","position":2,"name":"(Polski) Zasady stosowania logo"}]},{"@type":"WebSite","@id":"https:\/\/polskaradapelletu.org\/#website","url":"https:\/\/polskaradapelletu.org\/","name":"Polish Pellet Council","description":"","potentialAction":[{"@type":"SearchAction","target":{"@type":"EntryPoint","urlTemplate":"https:\/\/polskaradapelletu.org\/?s={search_term_string}"},"query-input":{"@type":"PropertyValueSpecification","valueRequired":true,"valueName":"search_term_string"}}],"inLanguage":"en-US"}]}},"_links":{"self":[{"href":"http:\/\/polskaradapelletu.org\/en\/wp-json\/wp\/v2\/pages\/1250","targetHints":{"allow":["GET"]}}],"collection":[{"href":"http:\/\/polskaradapelletu.org\/en\/wp-json\/wp\/v2\/pages"}],"about":[{"href":"http:\/\/polskaradapelletu.org\/en\/wp-json\/wp\/v2\/types\/page"}],"author":[{"embeddable":true,"href":"http:\/\/polskaradapelletu.org\/en\/wp-json\/wp\/v2\/users\/1"}],"replies":[{"embeddable":true,"href":"http:\/\/polskaradapelletu.org\/en\/wp-json\/wp\/v2\/comments?post=1250"}],"version-history":[{"count":3,"href":"http:\/\/polskaradapelletu.org\/en\/wp-json\/wp\/v2\/pages\/1250\/revisions"}],"predecessor-version":[{"id":1412,"href":"http:\/\/polskaradapelletu.org\/en\/wp-json\/wp\/v2\/pages\/1250\/revisions\/1412"}],"wp:attachment":[{"href":"http:\/\/polskaradapelletu.org\/en\/wp-json\/wp\/v2\/media?parent=1250"}],"curies":[{"name":"wp","href":"https:\/\/api.w.org\/{rel}","templated":true}]}}